{"id":161,"date":"2025-04-02T14:25:28","date_gmt":"2025-04-02T14:25:28","guid":{"rendered":"https:\/\/ottawavalledev.wpenginepowered.com\/?page_id=161"},"modified":"2025-05-06T13:15:47","modified_gmt":"2025-05-06T13:15:47","slug":"blogue","status":"publish","type":"page","link":"https:\/\/ottawavalleymetalinc.com\/fr\/blogue\/","title":{"rendered":"Blogue"},"content":{"rendered":"<div class=\"fusion-fullwidth fullwidth-box fusion-builder-row-1 fusion-flex-container has-pattern-background has-mask-background nonhundred-percent-fullwidth non-hundred-percent-height-scrolling\" style=\"--awb-border-radius-top-left:0px;--awb-border-radius-top-right:0px;--awb-border-radius-bottom-right:0px;--awb-border-radius-bottom-left:0px;--awb-padding-bottom:50px;--awb-background-color:#f5f5f5;--awb-flex-wrap:wrap;\" ><div class=\"fusion-builder-row fusion-row fusion-flex-align-items-flex-start fusion-flex-content-wrap\" style=\"max-width:1248px;margin-left: calc(-4% \/ 2 );margin-right: calc(-4% \/ 2 );\"><div class=\"fusion-layout-column fusion_builder_column fusion-builder-column-0 fusion_builder_column_1_1 1_1 fusion-flex-column\" style=\"--awb-bg-size:cover;--awb-width-large:100%;--awb-margin-top-large:0px;--awb-spacing-right-large:1.92%;--awb-margin-bottom-large:20px;--awb-spacing-left-large:1.92%;--awb-width-medium:100%;--awb-order-medium:0;--awb-spacing-right-medium:1.92%;--awb-spacing-left-medium:1.92%;--awb-width-small:100%;--awb-order-small:0;--awb-spacing-right-small:1.92%;--awb-spacing-left-small:1.92%;\"><div class=\"fusion-column-wrapper fusion-column-has-shadow fusion-flex-justify-content-flex-start fusion-content-layout-column\"><div class=\"fusion-title title fusion-title-1 fusion-sep-none fusion-title-center fusion-title-text fusion-title-size-one\"><h1 class=\"fusion-title-heading title-heading-center\" style=\"margin:0;\">Derniers articles de blogue<\/h1><\/div><div class=\"fusion-blog-shortcode fusion-blog-shortcode-1 fusion-blog-archive fusion-blog-layout-grid-wrapper fusion-blog-infinite\" style=\"margin-top:40px;--awb-title-font-size:28px;--awb-title-line-height:34px;--awb-title-font-family:&quot;Inter&quot;;--awb-title-font-style:normal;--awb-title-font-weight:400;\" id=\"blog_section\"><style type=\"text\/css\">.fusion-blog-shortcode-1 .fusion-blog-layout-grid .fusion-post-grid{padding:15px;}.fusion-blog-shortcode-1 .fusion-posts-container{margin-left: -15px !important; margin-right:-15px !important;}<\/style><div class=\"fusion-posts-container fusion-posts-container-infinite fusion-posts-container-load-more fusion-no-meta-info fusion-blog-rollover fusion-blog-layout-grid fusion-blog-layout-grid-3 isotope fusion-blog-equal-heights\" data-pages=\"1\" data-grid-col-space=\"30\" style=\"margin: -15px -15px 0;min-height:500px;\"><article id=\"blog-1-post-2405\" class=\"fusion-post-grid post-2405 post type-post status-publish format-standard has-post-thumbnail hentry category-non-categorise\">\n<div class=\"fusion-post-wrapper\" style=\"background-color:rgba(255,255,255,1);border:1px solid var(--awb-color2);border-bottom-width:3px;\">\n\n\t\t\t<div class=\"fusion-flexslider flexslider fusion-flexslider-loading fusion-post-slideshow\" style=\"border-color:var(--awb-color2);\">\n\t\t<ul class=\"slides\">\n\t\t\t\n\t\t\t\t\t\t\t\t\t\t\t\t\t\t<li><div  class=\"fusion-image-wrapper\" aria-haspopup=\"true\">\n\t\t\t\t<img decoding=\"async\" width=\"800\" height=\"600\" src=\"https:\/\/ottawavalleymetalinc.com\/wp-content\/uploads\/2025\/05\/Blog-Lifespan-of-Your-Roof-FR.jpg\" class=\"attachment-full size-full wp-post-image\" alt=\"Le r\u00f4le du solin dans la prolongation de la dur\u00e9e de vie de votre toit\" srcset=\"https:\/\/ottawavalleymetalinc.com\/wp-content\/uploads\/2025\/05\/Blog-Lifespan-of-Your-Roof-FR-200x150.jpg 200w, https:\/\/ottawavalleymetalinc.com\/wp-content\/uploads\/2025\/05\/Blog-Lifespan-of-Your-Roof-FR-400x300.jpg 400w, https:\/\/ottawavalleymetalinc.com\/wp-content\/uploads\/2025\/05\/Blog-Lifespan-of-Your-Roof-FR-600x450.jpg 600w, https:\/\/ottawavalleymetalinc.com\/wp-content\/uploads\/2025\/05\/Blog-Lifespan-of-Your-Roof-FR.jpg 800w\" sizes=\"(min-width: 2200px) 100vw, (min-width: 784px) 380px, (min-width: 712px) 570px, (min-width: 640px) 712px, \" \/><div class=\"fusion-rollover\">\n\t<div class=\"fusion-rollover-content\">\n\n\t\t\t\t\n\t\t\n\t\t\t\t\t\t\t\t\t\t\t\t<h4 class=\"fusion-rollover-title\">\n\t\t\t\t\t<a class=\"fusion-rollover-title-link\" href=\"https:\/\/ottawavalleymetalinc.com\/fr\/le-role-du-solin-dans-la-prolongation-de-la-duree-de-vie-de-votre-toit\/\">\n\t\t\t\t\t\tLe r\u00f4le du solin dans la prolongation de la dur\u00e9e de vie de votre toit\t\t\t\t\t<\/a>\n\t\t\t\t<\/h4>\n\t\t\t\n\t\t\t\t\t\t\t\t\n\t\t\n\t\t\t\t\t\t<a class=\"fusion-link-wrapper\" href=\"https:\/\/ottawavalleymetalinc.com\/fr\/le-role-du-solin-dans-la-prolongation-de-la-duree-de-vie-de-votre-toit\/\" aria-label=\"Le r\u00f4le du solin dans la prolongation de la dur\u00e9e de vie de votre toit\"><\/a>\n\t<\/div>\n<\/div>\n<\/div>\n<\/li>\n\t\t\t\n\t\t\t\n\t\t\t\t\t\t\t\t\t\t\t\t\t\t\t\t\t\t\t\t\t\t\t\t\t\t\t\t\t\t\t\t\t\t\t\t\t\t\t\t\t\t\t\t\t\t\t\t\t\t\t\t\t\t\t\t\t\t\t\t\t\t\t\t\t\t\t\t<\/ul>\n\t<\/div>\n\t<div class=\"fusion-post-content-wrapper\" style=\"padding:20px 20px 20px 20px;\"><div class=\"fusion-post-content post-content\"><h3 class=\"blog-shortcode-post-title entry-title\"><a href=\"https:\/\/ottawavalleymetalinc.com\/fr\/le-role-du-solin-dans-la-prolongation-de-la-duree-de-vie-de-votre-toit\/\">Le r\u00f4le du solin dans la prolongation de la dur\u00e9e de vie de votre toit<\/a><\/h3><\/div><\/div><div class=\"fusion-clearfix\"><\/div><\/div>\n<\/article>\n<article id=\"blog-1-post-2398\" class=\"fusion-post-grid post-2398 post type-post status-publish format-standard has-post-thumbnail hentry category-non-categorise\">\n<div class=\"fusion-post-wrapper\" style=\"background-color:rgba(255,255,255,1);border:1px solid var(--awb-color2);border-bottom-width:3px;\">\n\n\t\t\t<div class=\"fusion-flexslider flexslider fusion-flexslider-loading fusion-post-slideshow\" style=\"border-color:var(--awb-color2);\">\n\t\t<ul class=\"slides\">\n\t\t\t\n\t\t\t\t\t\t\t\t\t\t\t\t\t\t<li><div  class=\"fusion-image-wrapper\" aria-haspopup=\"true\">\n\t\t\t\t<img decoding=\"async\" width=\"800\" height=\"600\" src=\"https:\/\/ottawavalleymetalinc.com\/wp-content\/uploads\/2025\/05\/Blog-Website-Launch-FR.jpg\" class=\"attachment-full size-full wp-post-image\" alt=\"Un nouveau look, le m\u00eame service de confiance : Ottawa Valley Metal lance son nouveau site Web\" srcset=\"https:\/\/ottawavalleymetalinc.com\/wp-content\/uploads\/2025\/05\/Blog-Website-Launch-FR-200x150.jpg 200w, https:\/\/ottawavalleymetalinc.com\/wp-content\/uploads\/2025\/05\/Blog-Website-Launch-FR-400x300.jpg 400w, https:\/\/ottawavalleymetalinc.com\/wp-content\/uploads\/2025\/05\/Blog-Website-Launch-FR-600x450.jpg 600w, https:\/\/ottawavalleymetalinc.com\/wp-content\/uploads\/2025\/05\/Blog-Website-Launch-FR.jpg 800w\" sizes=\"(min-width: 2200px) 100vw, (min-width: 784px) 380px, (min-width: 712px) 570px, (min-width: 640px) 712px, \" \/><div class=\"fusion-rollover\">\n\t<div class=\"fusion-rollover-content\">\n\n\t\t\t\t\n\t\t\n\t\t\t\t\t\t\t\t\t\t\t\t<h4 class=\"fusion-rollover-title\">\n\t\t\t\t\t<a class=\"fusion-rollover-title-link\" href=\"https:\/\/ottawavalleymetalinc.com\/fr\/un-nouveau-look-le-meme-service-de-confiance-ottawa-valley-metal-lance-son-nouveau-site-web\/\">\n\t\t\t\t\t\tUn nouveau look, le m\u00eame service de confiance : Ottawa Valley Metal lance son nouveau site Web\t\t\t\t\t<\/a>\n\t\t\t\t<\/h4>\n\t\t\t\n\t\t\t\t\t\t\t\t\n\t\t\n\t\t\t\t\t\t<a class=\"fusion-link-wrapper\" href=\"https:\/\/ottawavalleymetalinc.com\/fr\/un-nouveau-look-le-meme-service-de-confiance-ottawa-valley-metal-lance-son-nouveau-site-web\/\" aria-label=\"Un nouveau look, le m\u00eame service de confiance : Ottawa Valley Metal lance son nouveau site Web\"><\/a>\n\t<\/div>\n<\/div>\n<\/div>\n<\/li>\n\t\t\t\n\t\t\t\n\t\t\t\t\t\t\t\t\t\t\t\t\t\t\t\t\t\t\t\t\t\t\t\t\t\t\t\t\t\t\t\t\t\t\t\t\t\t\t\t\t\t\t\t\t\t\t\t\t\t\t\t\t\t\t\t\t\t\t\t\t\t\t\t\t\t\t\t<\/ul>\n\t<\/div>\n\t<div class=\"fusion-post-content-wrapper\" style=\"padding:20px 20px 20px 20px;\"><div class=\"fusion-post-content post-content\"><h3 class=\"blog-shortcode-post-title entry-title\"><a href=\"https:\/\/ottawavalleymetalinc.com\/fr\/un-nouveau-look-le-meme-service-de-confiance-ottawa-valley-metal-lance-son-nouveau-site-web\/\">Un nouveau look, le m\u00eame service de confiance : Ottawa Valley Metal lance son nouveau site Web<\/a><\/h3><\/div><\/div><div class=\"fusion-clearfix\"><\/div><\/div>\n<\/article>\n<div class=\"fusion-clearfix\"><\/div><\/div><\/div><\/div><\/div><\/div><\/div>\n","protected":false},"excerpt":{"rendered":"","protected":false},"author":1,"featured_media":0,"parent":0,"menu_order":6,"comment_status":"closed","ping_status":"closed","template":"100-width.php","meta":{"footnotes":""},"class_list":["post-161","page","type-page","status-publish","hentry"],"yoast_head":"<!-- This site is optimized with the Yoast SEO plugin v26.0 - https:\/\/yoast.com\/wordpress\/plugins\/seo\/ -->\n<title>Blogue | Conseils Ottawa Valley Metal Inc.<\/title>\n<meta name=\"description\" content=\"Restez inform\u00e9 avec le blogue d&#039;Ottawa Valley Metal Inc. Astuces d&#039;experts, projets r\u00e9cents et nouveaut\u00e9s en toitures et rev\u00eatements m\u00e9talliques.\" \/>\n<meta name=\"robots\" content=\"index, follow, max-snippet:-1, max-image-preview:large, max-video-preview:-1\" \/>\n<link rel=\"canonical\" href=\"https:\/\/ottawavalleymetalinc.com\/fr\/blogue\/\" \/>\n<script type=\"application\/ld+json\" class=\"yoast-schema-graph\">{\"@context\":\"https:\/\/schema.org\",\"@graph\":[{\"@type\":\"WebPage\",\"@id\":\"https:\/\/ottawavalleymetalinc.com\/fr\/blogue\/\",\"url\":\"https:\/\/ottawavalleymetalinc.com\/fr\/blogue\/\",\"name\":\"Blogue | Conseils Ottawa Valley Metal Inc.\",\"isPartOf\":{\"@id\":\"https:\/\/ottawavalleymetalinc.com\/fr\/#website\"},\"datePublished\":\"2025-04-02T14:25:28+00:00\",\"dateModified\":\"2025-05-06T13:15:47+00:00\",\"description\":\"Restez inform\u00e9 avec le blogue d'Ottawa Valley Metal Inc. Astuces d'experts, projets r\u00e9cents et nouveaut\u00e9s en toitures et rev\u00eatements m\u00e9talliques.\",\"breadcrumb\":{\"@id\":\"https:\/\/ottawavalleymetalinc.com\/fr\/blogue\/#breadcrumb\"},\"inLanguage\":\"fr-FR\",\"potentialAction\":[{\"@type\":\"ReadAction\",\"target\":[\"https:\/\/ottawavalleymetalinc.com\/fr\/blogue\/\"]}]},{\"@type\":\"BreadcrumbList\",\"@id\":\"https:\/\/ottawavalleymetalinc.com\/fr\/blogue\/#breadcrumb\",\"itemListElement\":[{\"@type\":\"ListItem\",\"position\":1,\"name\":\"Home\",\"item\":\"https:\/\/ottawavalleymetalinc.com\/fr\/\"},{\"@type\":\"ListItem\",\"position\":2,\"name\":\"Blogue\"}]},{\"@type\":\"WebSite\",\"@id\":\"https:\/\/ottawavalleymetalinc.com\/fr\/#website\",\"url\":\"https:\/\/ottawavalleymetalinc.com\/fr\/\",\"name\":\"Ottawa Valley Metal\",\"description\":\"\",\"potentialAction\":[{\"@type\":\"SearchAction\",\"target\":{\"@type\":\"EntryPoint\",\"urlTemplate\":\"https:\/\/ottawavalleymetalinc.com\/fr\/?s={search_term_string}\"},\"query-input\":{\"@type\":\"PropertyValueSpecification\",\"valueRequired\":true,\"valueName\":\"search_term_string\"}}],\"inLanguage\":\"fr-FR\"}]}<\/script>\n<!-- \/ Yoast SEO plugin. -->","yoast_head_json":{"title":"Blogue | Conseils Ottawa Valley Metal Inc.","description":"Restez inform\u00e9 avec le blogue d'Ottawa Valley Metal Inc. Astuces d'experts, projets r\u00e9cents et nouveaut\u00e9s en toitures et rev\u00eatements m\u00e9talliques.","robots":{"index":"index","follow":"follow","max-snippet":"max-snippet:-1","max-image-preview":"max-image-preview:large","max-video-preview":"max-video-preview:-1"},"canonical":"https:\/\/ottawavalleymetalinc.com\/fr\/blogue\/","schema":{"@context":"https:\/\/schema.org","@graph":[{"@type":"WebPage","@id":"https:\/\/ottawavalleymetalinc.com\/fr\/blogue\/","url":"https:\/\/ottawavalleymetalinc.com\/fr\/blogue\/","name":"Blogue | Conseils Ottawa Valley Metal Inc.","isPartOf":{"@id":"https:\/\/ottawavalleymetalinc.com\/fr\/#website"},"datePublished":"2025-04-02T14:25:28+00:00","dateModified":"2025-05-06T13:15:47+00:00","description":"Restez inform\u00e9 avec le blogue d'Ottawa Valley Metal Inc. Astuces d'experts, projets r\u00e9cents et nouveaut\u00e9s en toitures et rev\u00eatements m\u00e9talliques.","breadcrumb":{"@id":"https:\/\/ottawavalleymetalinc.com\/fr\/blogue\/#breadcrumb"},"inLanguage":"fr-FR","potentialAction":[{"@type":"ReadAction","target":["https:\/\/ottawavalleymetalinc.com\/fr\/blogue\/"]}]},{"@type":"BreadcrumbList","@id":"https:\/\/ottawavalleymetalinc.com\/fr\/blogue\/#breadcrumb","itemListElement":[{"@type":"ListItem","position":1,"name":"Home","item":"https:\/\/ottawavalleymetalinc.com\/fr\/"},{"@type":"ListItem","position":2,"name":"Blogue"}]},{"@type":"WebSite","@id":"https:\/\/ottawavalleymetalinc.com\/fr\/#website","url":"https:\/\/ottawavalleymetalinc.com\/fr\/","name":"Ottawa Valley Metal","description":"","potentialAction":[{"@type":"SearchAction","target":{"@type":"EntryPoint","urlTemplate":"https:\/\/ottawavalleymetalinc.com\/fr\/?s={search_term_string}"},"query-input":{"@type":"PropertyValueSpecification","valueRequired":true,"valueName":"search_term_string"}}],"inLanguage":"fr-FR"}]}},"_links":{"self":[{"href":"https:\/\/ottawavalleymetalinc.com\/fr\/wp-json\/wp\/v2\/pages\/161","targetHints":{"allow":["GET"]}}],"collection":[{"href":"https:\/\/ottawavalleymetalinc.com\/fr\/wp-json\/wp\/v2\/pages"}],"about":[{"href":"https:\/\/ottawavalleymetalinc.com\/fr\/wp-json\/wp\/v2\/types\/page"}],"author":[{"embeddable":true,"href":"https:\/\/ottawavalleymetalinc.com\/fr\/wp-json\/wp\/v2\/users\/1"}],"replies":[{"embeddable":true,"href":"https:\/\/ottawavalleymetalinc.com\/fr\/wp-json\/wp\/v2\/comments?post=161"}],"version-history":[{"count":1,"href":"https:\/\/ottawavalleymetalinc.com\/fr\/wp-json\/wp\/v2\/pages\/161\/revisions"}],"predecessor-version":[{"id":2390,"href":"https:\/\/ottawavalleymetalinc.com\/fr\/wp-json\/wp\/v2\/pages\/161\/revisions\/2390"}],"wp:attachment":[{"href":"https:\/\/ottawavalleymetalinc.com\/fr\/wp-json\/wp\/v2\/media?parent=161"}],"curies":[{"name":"wp","href":"https:\/\/api.w.org\/{rel}","templated":true}]}}