{"id":205,"date":"2025-03-28T10:14:40","date_gmt":"2025-03-28T10:14:40","guid":{"rendered":"https:\/\/ottawavalledev.wpenginepowered.com\/?page_id=205"},"modified":"2025-11-28T11:51:13","modified_gmt":"2025-11-28T11:51:13","slug":"au-sujet-dovm","status":"publish","type":"page","link":"https:\/\/ottawavalleymetalinc.com\/fr\/au-sujet-dovm\/","title":{"rendered":"Au Sujet d\u2019OVM"},"content":{"rendered":"<div class=\"fusion-fullwidth fullwidth-box fusion-builder-row-1 fusion-flex-container has-pattern-background has-mask-background nonhundred-percent-fullwidth non-hundred-percent-height-scrolling\" style=\"--awb-border-radius-top-left:0px;--awb-border-radius-top-right:0px;--awb-border-radius-bottom-right:0px;--awb-border-radius-bottom-left:0px;--awb-padding-top:0px;--awb-background-color:#f5f5f5;--awb-flex-wrap:wrap;\" ><div class=\"fusion-builder-row fusion-row fusion-flex-align-items-center fusion-flex-content-wrap\" style=\"max-width:1248px;margin-left: calc(-4% \/ 2 );margin-right: calc(-4% \/ 2 );\"><div class=\"fusion-layout-column fusion_builder_column fusion-builder-column-0 fusion_builder_column_1_1 1_1 fusion-flex-column\" style=\"--awb-bg-size:cover;--awb-width-large:100%;--awb-margin-top-large:0px;--awb-spacing-right-large:1.92%;--awb-margin-bottom-large:20px;--awb-spacing-left-large:1.92%;--awb-width-medium:100%;--awb-order-medium:0;--awb-spacing-right-medium:1.92%;--awb-spacing-left-medium:1.92%;--awb-width-small:100%;--awb-order-small:0;--awb-spacing-right-small:1.92%;--awb-spacing-left-small:1.92%;\" data-scroll-devices=\"small-visibility,medium-visibility,large-visibility\"><div class=\"fusion-column-wrapper fusion-column-has-shadow fusion-flex-justify-content-center fusion-content-layout-column\"><div class=\"fusion-text fusion-text-1\"><h1><img decoding=\"async\" class=\"size-full wp-image-2350 alignright\" src=\"https:\/\/ottawavalleymetalinc.com\/wp-content\/uploads\/2025\/04\/512px-512px-logo.jpg-1.webp\" alt=\"\" width=\"512\" height=\"512\" srcset=\"https:\/\/ottawavalleymetalinc.com\/wp-content\/uploads\/2025\/04\/512px-512px-logo.jpg-1-66x66.webp 66w, https:\/\/ottawavalleymetalinc.com\/wp-content\/uploads\/2025\/04\/512px-512px-logo.jpg-1-150x150.webp 150w, https:\/\/ottawavalleymetalinc.com\/wp-content\/uploads\/2025\/04\/512px-512px-logo.jpg-1-200x200.webp 200w, https:\/\/ottawavalleymetalinc.com\/wp-content\/uploads\/2025\/04\/512px-512px-logo.jpg-1-300x300.webp 300w, https:\/\/ottawavalleymetalinc.com\/wp-content\/uploads\/2025\/04\/512px-512px-logo.jpg-1-400x400.webp 400w, https:\/\/ottawavalleymetalinc.com\/wp-content\/uploads\/2025\/04\/512px-512px-logo.jpg-1.webp 512w\" sizes=\"(max-width: 512px) 100vw, 512px\" \/>\u00c0 propos de Ottawa Valley Metal Inc.<\/h1>\n<p>Chez Ottawa Valley Metal Inc., nous croyons que l\u2019excellent service va de pair avec des produits de haute qualit\u00e9. Fi\u00e8re entreprise locale de deuxi\u00e8me g\u00e9n\u00e9ration, nous desservons la r\u00e9gion d\u2019Ottawa et \u00a0de Gatineau et plusieurs communaut\u00e9s de l\u2019ouest du Qu\u00e9bec depuis plus de 30 ans. Nos racines sont solidement ancr\u00e9es dans la communaut\u00e9, et notre engagement envers la satisfaction de nos clients continue de guider chacune de nos actions.<\/p>\n<p>Nous sommes sp\u00e9cialis\u00e9s dans la fabrication et distribution de produits m\u00e9talliques\u00a0 ainsi que de solutions sur mesure pour des besoins r\u00e9sidentiels, commerciaux et industriels en Ontario, \u00e0 Gatineau et ailleurs au Qu\u00e9bec \u00a0Au fil des d\u00e9cennies, nous avons b\u00e2ti une solide r\u00e9putation fond\u00e9e sur l\u2019expertise de notre \u00e9quipe, notre souci du d\u00e9tail et notre engagement envers un service ponctuel et fiable. Que vous cherchiez des <a href=\"https:\/\/www.ottawavalleymetalinc.com\/fr\/produits\/toiture-et-parement-metalliques\/\">toitures m\u00e9talliques<\/a>, du <a href=\"https:\/\/www.ottawavalleymetalinc.com\/fr\/produits\/revetement\/\">rev\u00eatement en acier<\/a>, des <a href=\"https:\/\/ottawavalleymetalinc.com\/fr\/produits\/solins-et-moulures-sur-mesure\/\">moulures<\/a>, des <a href=\"https:\/\/ottawavalleymetalinc.com\/fr\/produits\/accessoires-et-outils\/\">accessoires<\/a> ou d&rsquo;autres ouvrages m\u00e9talliques personnalis\u00e9s ou mat\u00e9riaux\u00a0 de construction, nous avons tout ce qu\u2019il vous faut pour r\u00e9aliser votre projet.<\/p>\n<p>Notre personnel met \u00e0 profit plusieurs ann\u00e9es d\u2019exp\u00e9rience pratique, et nous travaillons fort pour que chaque client re\u00e7oive un accompagnement expert, que ce soit pour une commande pour votre remise<strong> \u00e0 Gatineau<\/strong> ou un projet d\u2019envergure commerciale <strong>ailleurs au Qu\u00e9bec<\/strong>.. Nous sommes fiers des relations que nous avons b\u00e2ties \u2014 avec des entrepreneurs, des propri\u00e9taires et des partenaires de l\u2019industrie \u2014 et nous sommes honor\u00e9s d\u2019\u00eatre un nom de confiance dans le secteur du m\u00e9tal local.<\/p>\n<p>Les propri\u00e9taires Gabrielle Bourdeau et Shawn Valiquette sont d\u00e9termin\u00e9s \u00e0 pr\u00e9server les valeurs que leurs p\u00e8res avaient lorsqu&rsquo;ils ont fond\u00e9 Ottawa Valley Metal \u00e0 ses d\u00e9buts. Leur objectif est simple : continuer d\u2019offrir le service exceptionnel, la qualit\u00e9 et le soin auxquels nos clients sont habitu\u00e9s.<\/p>\n<p>Nous sommes bien plus qu\u2019un simple fournisseur de m\u00e9tal \u2014 nous sommes une \u00e9quipe passionn\u00e9e par l\u2019artisanat, la communaut\u00e9 et le service \u00e0 la client\u00e8le.<\/p>\n<p><a href=\"https:\/\/ottawavalleymetalinc.com\/fr\/nous-joindre\/\">Contactez-nous d\u00e8s aujourd\u2019hui<\/a> pour d\u00e9couvrir comment nous pouvons soutenir votre prochain projet \u00e0 Ottawa, Gatineau ou ailleurs au Qu\u00e9bec avec des mat\u00e9riaux de qualit\u00e9 et un service personnalis\u00e9 sur lequel vous pouvez compter.<\/p>\n<\/div><\/div><\/div><\/div><\/div>\n","protected":false},"excerpt":{"rendered":"","protected":false},"author":1,"featured_media":0,"parent":0,"menu_order":4,"comment_status":"closed","ping_status":"closed","template":"100-width.php","meta":{"footnotes":""},"class_list":["post-205","page","type-page","status-publish","hentry"],"yoast_head":"<!-- This site is optimized with the Yoast SEO plugin v26.0 - https:\/\/yoast.com\/wordpress\/plugins\/seo\/ -->\n<title>Ottawa Valley Metal \u2013 Fabricant \u00e0 Ottawa &amp; Gatineau<\/title>\n<meta name=\"description\" content=\"Produits m\u00e9talliques et toitures de qualit\u00e9 \u00e0 Ottawa, Gatineau et au Qu\u00e9bec. Fabrication locale, service personnalis\u00e9 depuis 30 ans.\" \/>\n<meta name=\"robots\" content=\"index, follow, max-snippet:-1, max-image-preview:large, max-video-preview:-1\" \/>\n<link rel=\"canonical\" href=\"https:\/\/ottawavalleymetalinc.com\/fr\/au-sujet-dovm\/\" \/>\n<script type=\"application\/ld+json\" class=\"yoast-schema-graph\">{\"@context\":\"https:\/\/schema.org\",\"@graph\":[{\"@type\":\"WebPage\",\"@id\":\"https:\/\/ottawavalleymetalinc.com\/fr\/au-sujet-dovm\/\",\"url\":\"https:\/\/ottawavalleymetalinc.com\/fr\/au-sujet-dovm\/\",\"name\":\"Ottawa Valley Metal \u2013 Fabricant \u00e0 Ottawa & Gatineau\",\"isPartOf\":{\"@id\":\"https:\/\/ottawavalleymetalinc.com\/fr\/#website\"},\"primaryImageOfPage\":{\"@id\":\"https:\/\/ottawavalleymetalinc.com\/fr\/au-sujet-dovm\/#primaryimage\"},\"image\":{\"@id\":\"https:\/\/ottawavalleymetalinc.com\/fr\/au-sujet-dovm\/#primaryimage\"},\"thumbnailUrl\":\"https:\/\/ottawavalleymetalinc.com\/wp-content\/uploads\/2025\/04\/512px-512px-logo.jpg-1.webp\",\"datePublished\":\"2025-03-28T10:14:40+00:00\",\"dateModified\":\"2025-11-28T11:51:13+00:00\",\"description\":\"Produits m\u00e9talliques et toitures de qualit\u00e9 \u00e0 Ottawa, Gatineau et au Qu\u00e9bec. Fabrication locale, service personnalis\u00e9 depuis 30 ans.\",\"breadcrumb\":{\"@id\":\"https:\/\/ottawavalleymetalinc.com\/fr\/au-sujet-dovm\/#breadcrumb\"},\"inLanguage\":\"fr-FR\",\"potentialAction\":[{\"@type\":\"ReadAction\",\"target\":[\"https:\/\/ottawavalleymetalinc.com\/fr\/au-sujet-dovm\/\"]}]},{\"@type\":\"ImageObject\",\"inLanguage\":\"fr-FR\",\"@id\":\"https:\/\/ottawavalleymetalinc.com\/fr\/au-sujet-dovm\/#primaryimage\",\"url\":\"https:\/\/ottawavalleymetalinc.com\/wp-content\/uploads\/2025\/04\/512px-512px-logo.jpg-1.webp\",\"contentUrl\":\"https:\/\/ottawavalleymetalinc.com\/wp-content\/uploads\/2025\/04\/512px-512px-logo.jpg-1.webp\"},{\"@type\":\"BreadcrumbList\",\"@id\":\"https:\/\/ottawavalleymetalinc.com\/fr\/au-sujet-dovm\/#breadcrumb\",\"itemListElement\":[{\"@type\":\"ListItem\",\"position\":1,\"name\":\"Home\",\"item\":\"https:\/\/ottawavalleymetalinc.com\/fr\/\"},{\"@type\":\"ListItem\",\"position\":2,\"name\":\"Au Sujet d\u2019OVM\"}]},{\"@type\":\"WebSite\",\"@id\":\"https:\/\/ottawavalleymetalinc.com\/fr\/#website\",\"url\":\"https:\/\/ottawavalleymetalinc.com\/fr\/\",\"name\":\"Ottawa Valley Metal\",\"description\":\"\",\"potentialAction\":[{\"@type\":\"SearchAction\",\"target\":{\"@type\":\"EntryPoint\",\"urlTemplate\":\"https:\/\/ottawavalleymetalinc.com\/fr\/?s={search_term_string}\"},\"query-input\":{\"@type\":\"PropertyValueSpecification\",\"valueRequired\":true,\"valueName\":\"search_term_string\"}}],\"inLanguage\":\"fr-FR\"}]}<\/script>\n<!-- \/ Yoast SEO plugin. -->","yoast_head_json":{"title":"Ottawa Valley Metal \u2013 Fabricant \u00e0 Ottawa & Gatineau","description":"Produits m\u00e9talliques et toitures de qualit\u00e9 \u00e0 Ottawa, Gatineau et au Qu\u00e9bec. Fabrication locale, service personnalis\u00e9 depuis 30 ans.","robots":{"index":"index","follow":"follow","max-snippet":"max-snippet:-1","max-image-preview":"max-image-preview:large","max-video-preview":"max-video-preview:-1"},"canonical":"https:\/\/ottawavalleymetalinc.com\/fr\/au-sujet-dovm\/","schema":{"@context":"https:\/\/schema.org","@graph":[{"@type":"WebPage","@id":"https:\/\/ottawavalleymetalinc.com\/fr\/au-sujet-dovm\/","url":"https:\/\/ottawavalleymetalinc.com\/fr\/au-sujet-dovm\/","name":"Ottawa Valley Metal \u2013 Fabricant \u00e0 Ottawa & Gatineau","isPartOf":{"@id":"https:\/\/ottawavalleymetalinc.com\/fr\/#website"},"primaryImageOfPage":{"@id":"https:\/\/ottawavalleymetalinc.com\/fr\/au-sujet-dovm\/#primaryimage"},"image":{"@id":"https:\/\/ottawavalleymetalinc.com\/fr\/au-sujet-dovm\/#primaryimage"},"thumbnailUrl":"https:\/\/ottawavalleymetalinc.com\/wp-content\/uploads\/2025\/04\/512px-512px-logo.jpg-1.webp","datePublished":"2025-03-28T10:14:40+00:00","dateModified":"2025-11-28T11:51:13+00:00","description":"Produits m\u00e9talliques et toitures de qualit\u00e9 \u00e0 Ottawa, Gatineau et au Qu\u00e9bec. Fabrication locale, service personnalis\u00e9 depuis 30 ans.","breadcrumb":{"@id":"https:\/\/ottawavalleymetalinc.com\/fr\/au-sujet-dovm\/#breadcrumb"},"inLanguage":"fr-FR","potentialAction":[{"@type":"ReadAction","target":["https:\/\/ottawavalleymetalinc.com\/fr\/au-sujet-dovm\/"]}]},{"@type":"ImageObject","inLanguage":"fr-FR","@id":"https:\/\/ottawavalleymetalinc.com\/fr\/au-sujet-dovm\/#primaryimage","url":"https:\/\/ottawavalleymetalinc.com\/wp-content\/uploads\/2025\/04\/512px-512px-logo.jpg-1.webp","contentUrl":"https:\/\/ottawavalleymetalinc.com\/wp-content\/uploads\/2025\/04\/512px-512px-logo.jpg-1.webp"},{"@type":"BreadcrumbList","@id":"https:\/\/ottawavalleymetalinc.com\/fr\/au-sujet-dovm\/#breadcrumb","itemListElement":[{"@type":"ListItem","position":1,"name":"Home","item":"https:\/\/ottawavalleymetalinc.com\/fr\/"},{"@type":"ListItem","position":2,"name":"Au Sujet d\u2019OVM"}]},{"@type":"WebSite","@id":"https:\/\/ottawavalleymetalinc.com\/fr\/#website","url":"https:\/\/ottawavalleymetalinc.com\/fr\/","name":"Ottawa Valley Metal","description":"","potentialAction":[{"@type":"SearchAction","target":{"@type":"EntryPoint","urlTemplate":"https:\/\/ottawavalleymetalinc.com\/fr\/?s={search_term_string}"},"query-input":{"@type":"PropertyValueSpecification","valueRequired":true,"valueName":"search_term_string"}}],"inLanguage":"fr-FR"}]}},"_links":{"self":[{"href":"https:\/\/ottawavalleymetalinc.com\/fr\/wp-json\/wp\/v2\/pages\/205","targetHints":{"allow":["GET"]}}],"collection":[{"href":"https:\/\/ottawavalleymetalinc.com\/fr\/wp-json\/wp\/v2\/pages"}],"about":[{"href":"https:\/\/ottawavalleymetalinc.com\/fr\/wp-json\/wp\/v2\/types\/page"}],"author":[{"embeddable":true,"href":"https:\/\/ottawavalleymetalinc.com\/fr\/wp-json\/wp\/v2\/users\/1"}],"replies":[{"embeddable":true,"href":"https:\/\/ottawavalleymetalinc.com\/fr\/wp-json\/wp\/v2\/comments?post=205"}],"version-history":[{"count":5,"href":"https:\/\/ottawavalleymetalinc.com\/fr\/wp-json\/wp\/v2\/pages\/205\/revisions"}],"predecessor-version":[{"id":2555,"href":"https:\/\/ottawavalleymetalinc.com\/fr\/wp-json\/wp\/v2\/pages\/205\/revisions\/2555"}],"wp:attachment":[{"href":"https:\/\/ottawavalleymetalinc.com\/fr\/wp-json\/wp\/v2\/media?parent=205"}],"curies":[{"name":"wp","href":"https:\/\/api.w.org\/{rel}","templated":true}]}}