{"id":252,"date":"2025-04-08T10:25:04","date_gmt":"2025-04-08T10:25:04","guid":{"rendered":"https:\/\/ottawavalledev.wpenginepowered.com\/?page_id=252"},"modified":"2025-08-29T06:56:43","modified_gmt":"2025-08-29T06:56:43","slug":"ovm-dans-la-communaute","status":"publish","type":"page","link":"https:\/\/ottawavalleymetalinc.com\/fr\/au-sujet-dovm\/ovm-dans-la-communaute\/","title":{"rendered":"OVM dans la communaut\u00e9"},"content":{"rendered":"<p><div class=\"fusion-fullwidth fullwidth-box fusion-builder-row-1 fusion-flex-container has-pattern-background has-mask-background nonhundred-percent-fullwidth non-hundred-percent-height-scrolling\" style=\"--awb-border-radius-top-left:0px;--awb-border-radius-top-right:0px;--awb-border-radius-bottom-right:0px;--awb-border-radius-bottom-left:0px;--awb-background-color:#f5f5f5;--awb-flex-wrap:wrap;\" ><div class=\"fusion-builder-row fusion-row fusion-flex-align-items-center fusion-flex-content-wrap\" style=\"max-width:1248px;margin-left: calc(-4% \/ 2 );margin-right: calc(-4% \/ 2 );\"><div class=\"fusion-layout-column fusion_builder_column fusion-builder-column-0 fusion_builder_column_1_2 1_2 fusion-flex-column\" style=\"--awb-bg-size:cover;--awb-width-large:50%;--awb-margin-top-large:0px;--awb-spacing-right-large:3.84%;--awb-margin-bottom-large:20px;--awb-spacing-left-large:3.84%;--awb-width-medium:50%;--awb-order-medium:0;--awb-spacing-right-medium:3.84%;--awb-spacing-left-medium:3.84%;--awb-width-small:100%;--awb-order-small:0;--awb-spacing-right-small:1.92%;--awb-spacing-left-small:1.92%;\" data-scroll-devices=\"small-visibility,medium-visibility,large-visibility\"><div class=\"fusion-column-wrapper fusion-column-has-shadow fusion-flex-justify-content-center fusion-content-layout-column\"><div class=\"fusion-text fusion-text-1\"><p>Ottawa Valley Metal a le sens de la communaut\u00e9 et sait qu\u2019il est important de la soutenir. Au fil des ans, OVM a particip\u00e9 \u00e0 de nombreux \u00e9v\u00e9nements caritatifs, comme des tournois de golf, a fait des dons de mat\u00e9riaux, a commandit\u00e9 des \u00e9quipes sportives et s\u2019est impliqu\u00e9e de nombreuses autres fa\u00e7ons.<\/p>\n<p>C\u2019est avec plaisir que nous poursuivons cette tradition\u2009! Restez \u00e0 l\u2019aff\u00fbt pour participer \u00e0 notre prochaine activit\u00e9\u2009!<\/p>\n<\/div><\/div><\/div><div class=\"fusion-layout-column fusion_builder_column fusion-builder-column-1 fusion_builder_column_1_2 1_2 fusion-flex-column\" style=\"--awb-bg-size:cover;--awb-width-large:50%;--awb-margin-top-large:0px;--awb-spacing-right-large:3.84%;--awb-margin-bottom-large:20px;--awb-spacing-left-large:3.84%;--awb-width-medium:50%;--awb-order-medium:0;--awb-spacing-right-medium:3.84%;--awb-spacing-left-medium:3.84%;--awb-width-small:100%;--awb-order-small:0;--awb-spacing-right-small:1.92%;--awb-spacing-left-small:1.92%;\"><div class=\"fusion-column-wrapper fusion-column-has-shadow fusion-flex-justify-content-flex-start fusion-content-layout-column\"><div class=\"fusion-image-element \" style=\"--awb-caption-title-font-family:var(--h2_typography-font-family);--awb-caption-title-font-weight:var(--h2_typography-font-weight);--awb-caption-title-font-style:var(--h2_typography-font-style);--awb-caption-title-size:var(--h2_typography-font-size);--awb-caption-title-transform:var(--h2_typography-text-transform);--awb-caption-title-line-height:var(--h2_typography-line-height);--awb-caption-title-letter-spacing:var(--h2_typography-letter-spacing);\"><span class=\" fusion-imageframe imageframe-none imageframe-1 hover-type-none\"><img decoding=\"async\" width=\"512\" height=\"512\" alt=\"Au Sujet d\u2019OVM\" title=\"512px-512px-logo.jpg (1)\" src=\"https:\/\/ottawavalleymetalinc.com\/wp-content\/uploads\/2025\/04\/512px-512px-logo.jpg-1.webp\" class=\"img-responsive wp-image-2350\" srcset=\"https:\/\/ottawavalleymetalinc.com\/wp-content\/uploads\/2025\/04\/512px-512px-logo.jpg-1-66x66.webp 66w, https:\/\/ottawavalleymetalinc.com\/wp-content\/uploads\/2025\/04\/512px-512px-logo.jpg-1-150x150.webp 150w, https:\/\/ottawavalleymetalinc.com\/wp-content\/uploads\/2025\/04\/512px-512px-logo.jpg-1-200x200.webp 200w, https:\/\/ottawavalleymetalinc.com\/wp-content\/uploads\/2025\/04\/512px-512px-logo.jpg-1-300x300.webp 300w, https:\/\/ottawavalleymetalinc.com\/wp-content\/uploads\/2025\/04\/512px-512px-logo.jpg-1-400x400.webp 400w, https:\/\/ottawavalleymetalinc.com\/wp-content\/uploads\/2025\/04\/512px-512px-logo.jpg-1.webp 512w\" sizes=\"(max-width: 640px) 100vw, 512px\" \/><\/span><\/div><\/div><\/div><\/div><\/div><div class=\"fusion-fullwidth fullwidth-box fusion-builder-row-2 fusion-flex-container has-pattern-background has-mask-background nonhundred-percent-fullwidth non-hundred-percent-height-scrolling\" style=\"--awb-border-radius-top-left:0px;--awb-border-radius-top-right:0px;--awb-border-radius-bottom-right:0px;--awb-border-radius-bottom-left:0px;--awb-flex-wrap:wrap;\" ><div class=\"fusion-builder-row fusion-row fusion-flex-align-items-flex-start fusion-flex-content-wrap\" style=\"max-width:1248px;margin-left: calc(-4% \/ 2 );margin-right: calc(-4% \/ 2 );\"><div class=\"fusion-layout-column fusion_builder_column fusion-builder-column-2 fusion_builder_column_1_2 1_2 fusion-flex-column\" style=\"--awb-bg-size:cover;--awb-width-large:50%;--awb-margin-top-large:0px;--awb-spacing-right-large:3.84%;--awb-margin-bottom-large:20px;--awb-spacing-left-large:3.84%;--awb-width-medium:50%;--awb-order-medium:0;--awb-spacing-right-medium:3.84%;--awb-spacing-left-medium:3.84%;--awb-width-small:100%;--awb-order-small:0;--awb-spacing-right-small:1.92%;--awb-spacing-left-small:1.92%;\"><div class=\"fusion-column-wrapper fusion-column-has-shadow fusion-flex-justify-content-flex-start fusion-content-layout-column\"><div class=\"fusion-title title fusion-title-1 fusion-sep-none fusion-title-text fusion-title-size-one\"><h1 class=\"fusion-title-heading title-heading-left\" style=\"margin:0;\">Maison de r\u00eave CHEO 2021<\/h1><\/div><div class=\"fusion-text fusion-text-2\"><p>L\u2019\u00e9quipe d\u2019Ottawa Valley Metal inc. \u00e9tait fi\u00e8re de donner des panneaux \u00e0 joints debout et d\u2019autres mat\u00e9riaux pour la maison de r\u00eave CHEO 2021.<\/p>\n<\/div><div class=\"fusion-image-element \" style=\"--awb-caption-title-font-family:var(--h2_typography-font-family);--awb-caption-title-font-weight:var(--h2_typography-font-weight);--awb-caption-title-font-style:var(--h2_typography-font-style);--awb-caption-title-size:var(--h2_typography-font-size);--awb-caption-title-transform:var(--h2_typography-text-transform);--awb-caption-title-line-height:var(--h2_typography-line-height);--awb-caption-title-letter-spacing:var(--h2_typography-letter-spacing);\"><span class=\" fusion-imageframe imageframe-none imageframe-2 hover-type-none\"><img decoding=\"async\" width=\"369\" height=\"137\" alt=\"OVM dans la communaut\u00e9\" title=\"unnamed\" src=\"https:\/\/ottawavalleymetalinc.com\/wp-content\/uploads\/2025\/04\/unnamed.jpg\" class=\"img-responsive wp-image-245\" srcset=\"https:\/\/ottawavalleymetalinc.com\/wp-content\/uploads\/2025\/04\/unnamed-200x74.jpg 200w, https:\/\/ottawavalleymetalinc.com\/wp-content\/uploads\/2025\/04\/unnamed.jpg 369w\" sizes=\"(max-width: 640px) 100vw, 369px\" \/><\/span><\/div><\/div><\/div><div class=\"fusion-layout-column fusion_builder_column fusion-builder-column-3 fusion_builder_column_1_2 1_2 fusion-flex-column\" style=\"--awb-bg-size:cover;--awb-width-large:50%;--awb-margin-top-large:0px;--awb-spacing-right-large:3.84%;--awb-margin-bottom-large:20px;--awb-spacing-left-large:3.84%;--awb-width-medium:50%;--awb-order-medium:0;--awb-spacing-right-medium:3.84%;--awb-spacing-left-medium:3.84%;--awb-width-small:100%;--awb-order-small:0;--awb-spacing-right-small:1.92%;--awb-spacing-left-small:1.92%;\"><div class=\"fusion-column-wrapper fusion-column-has-shadow fusion-flex-justify-content-flex-start fusion-content-layout-column\"><div class=\"fusion-image-element \" style=\"--awb-caption-title-font-family:var(--h2_typography-font-family);--awb-caption-title-font-weight:var(--h2_typography-font-weight);--awb-caption-title-font-style:var(--h2_typography-font-style);--awb-caption-title-size:var(--h2_typography-font-size);--awb-caption-title-transform:var(--h2_typography-text-transform);--awb-caption-title-line-height:var(--h2_typography-line-height);--awb-caption-title-letter-spacing:var(--h2_typography-letter-spacing);\"><span class=\" fusion-imageframe imageframe-none imageframe-3 hover-type-none\"><img decoding=\"async\" width=\"990\" height=\"660\" alt=\"OVM dans la communaut\u00e9\" title=\"image003\" src=\"https:\/\/ottawavalleymetalinc.com\/wp-content\/uploads\/2025\/04\/image003.jpg\" class=\"img-responsive wp-image-247\" srcset=\"https:\/\/ottawavalleymetalinc.com\/wp-content\/uploads\/2025\/04\/image003-200x133.jpg 200w, https:\/\/ottawavalleymetalinc.com\/wp-content\/uploads\/2025\/04\/image003-400x267.jpg 400w, https:\/\/ottawavalleymetalinc.com\/wp-content\/uploads\/2025\/04\/image003-600x400.jpg 600w, https:\/\/ottawavalleymetalinc.com\/wp-content\/uploads\/2025\/04\/image003-800x533.jpg 800w, https:\/\/ottawavalleymetalinc.com\/wp-content\/uploads\/2025\/04\/image003.jpg 990w\" sizes=\"(max-width: 640px) 100vw, 600px\" \/><\/span><\/div><\/div><\/div><\/div><\/div><div class=\"fusion-fullwidth fullwidth-box fusion-builder-row-3 fusion-flex-container has-pattern-background has-mask-background nonhundred-percent-fullwidth non-hundred-percent-height-scrolling\" style=\"--awb-border-radius-top-left:0px;--awb-border-radius-top-right:0px;--awb-border-radius-bottom-right:0px;--awb-border-radius-bottom-left:0px;--awb-background-color:#f5f5f5;--awb-flex-wrap:wrap;\" ><div class=\"fusion-builder-row fusion-row fusion-flex-align-items-flex-start fusion-flex-content-wrap\" style=\"max-width:1248px;margin-left: calc(-4% \/ 2 );margin-right: calc(-4% \/ 2 );\"><div class=\"fusion-layout-column fusion_builder_column fusion-builder-column-4 fusion_builder_column_1_2 1_2 fusion-flex-column\" style=\"--awb-bg-size:cover;--awb-width-large:50%;--awb-margin-top-large:0px;--awb-spacing-right-large:3.84%;--awb-margin-bottom-large:20px;--awb-spacing-left-large:3.84%;--awb-width-medium:50%;--awb-order-medium:0;--awb-spacing-right-medium:3.84%;--awb-spacing-left-medium:3.84%;--awb-width-small:100%;--awb-order-small:0;--awb-spacing-right-small:1.92%;--awb-spacing-left-small:1.92%;\"><div class=\"fusion-column-wrapper fusion-column-has-shadow fusion-flex-justify-content-flex-start fusion-content-layout-column\"><div class=\"fusion-image-element \" style=\"--awb-caption-title-font-family:var(--h2_typography-font-family);--awb-caption-title-font-weight:var(--h2_typography-font-weight);--awb-caption-title-font-style:var(--h2_typography-font-style);--awb-caption-title-size:var(--h2_typography-font-size);--awb-caption-title-transform:var(--h2_typography-text-transform);--awb-caption-title-line-height:var(--h2_typography-line-height);--awb-caption-title-letter-spacing:var(--h2_typography-letter-spacing);\"><span class=\" fusion-imageframe imageframe-none imageframe-4 hover-type-none\"><img decoding=\"async\" width=\"675\" height=\"745\" alt=\"OVM dans la communaut\u00e9\" title=\"Ottawa-Valley-Metal-golf-tournament-no-price\" src=\"https:\/\/ottawavalleymetalinc.com\/wp-content\/uploads\/2025\/04\/Ottawa-Valley-Metal-golf-tournament-no-price.jpg\" class=\"img-responsive wp-image-251\" srcset=\"https:\/\/ottawavalleymetalinc.com\/wp-content\/uploads\/2025\/04\/Ottawa-Valley-Metal-golf-tournament-no-price-200x221.jpg 200w, https:\/\/ottawavalleymetalinc.com\/wp-content\/uploads\/2025\/04\/Ottawa-Valley-Metal-golf-tournament-no-price-400x441.jpg 400w, https:\/\/ottawavalleymetalinc.com\/wp-content\/uploads\/2025\/04\/Ottawa-Valley-Metal-golf-tournament-no-price-600x662.jpg 600w, https:\/\/ottawavalleymetalinc.com\/wp-content\/uploads\/2025\/04\/Ottawa-Valley-Metal-golf-tournament-no-price.jpg 675w\" sizes=\"(max-width: 640px) 100vw, 600px\" \/><\/span><\/div><\/div><\/div><div class=\"fusion-layout-column fusion_builder_column fusion-builder-column-5 fusion_builder_column_1_2 1_2 fusion-flex-column\" style=\"--awb-bg-size:cover;--awb-width-large:50%;--awb-margin-top-large:0px;--awb-spacing-right-large:3.84%;--awb-margin-bottom-large:20px;--awb-spacing-left-large:3.84%;--awb-width-medium:50%;--awb-order-medium:0;--awb-spacing-right-medium:3.84%;--awb-spacing-left-medium:3.84%;--awb-width-small:100%;--awb-order-small:0;--awb-spacing-right-small:1.92%;--awb-spacing-left-small:1.92%;\"><div class=\"fusion-column-wrapper fusion-column-has-shadow fusion-flex-justify-content-flex-start fusion-content-layout-column\"><div class=\"fusion-title title fusion-title-2 fusion-sep-none fusion-title-text fusion-title-size-three\"><h3 class=\"fusion-title-heading title-heading-left\" style=\"margin:0;\">Tournoi de golf or CHEO 2019<\/h3><\/div><div class=\"fusion-text fusion-text-3\"><p>Le tournoi de golf commandit\u00e9 par Ottawa Valley Metal inc. a amass\u00e9 5\u2009000 $ pour le CHEO.<\/p>\n<\/div><div class=\"fusion-image-element \" style=\"--awb-caption-title-font-family:var(--h2_typography-font-family);--awb-caption-title-font-weight:var(--h2_typography-font-weight);--awb-caption-title-font-style:var(--h2_typography-font-style);--awb-caption-title-size:var(--h2_typography-font-size);--awb-caption-title-transform:var(--h2_typography-text-transform);--awb-caption-title-line-height:var(--h2_typography-line-height);--awb-caption-title-letter-spacing:var(--h2_typography-letter-spacing);\"><span class=\" fusion-imageframe imageframe-none imageframe-5 hover-type-none\"><img decoding=\"async\" width=\"300\" height=\"168\" alt=\"OVM dans la communaut\u00e9\" title=\"image001-1\" src=\"https:\/\/ottawavalleymetalinc.com\/wp-content\/uploads\/2025\/04\/image001-1.jpg\" class=\"img-responsive wp-image-249\" srcset=\"https:\/\/ottawavalleymetalinc.com\/wp-content\/uploads\/2025\/04\/image001-1-200x112.jpg 200w, https:\/\/ottawavalleymetalinc.com\/wp-content\/uploads\/2025\/04\/image001-1.jpg 300w\" sizes=\"(max-width: 640px) 100vw, 300px\" \/><\/span><\/div><\/div><\/div><\/div><\/div><\/p>\n","protected":false},"excerpt":{"rendered":"","protected":false},"author":1,"featured_media":0,"parent":205,"menu_order":0,"comment_status":"closed","ping_status":"closed","template":"100-width.php","meta":{"footnotes":""},"class_list":["post-252","page","type-page","status-publish","hentry"],"yoast_head":"<!-- This site is optimized with the Yoast SEO plugin v26.0 - https:\/\/yoast.com\/wordpress\/plugins\/seo\/ -->\n<title>Notre travail dans la communaut\u00e9 | Ottawa Valley Metal<\/title>\n<meta name=\"description\" content=\"Ottawa Valley Metal a le sens de la communaut\u00e9 et sait qu\u2019il est important de la soutenir. Au fil des ans, OVM a particip\u00e9 \u00e0 de nombreux \u00e9v\u00e9nements caritatifs\" \/>\n<meta name=\"robots\" content=\"index, follow, max-snippet:-1, max-image-preview:large, max-video-preview:-1\" \/>\n<link rel=\"canonical\" href=\"https:\/\/ottawavalleymetalinc.com\/fr\/au-sujet-dovm\/ovm-dans-la-communaute\/\" \/>\n<script type=\"application\/ld+json\" class=\"yoast-schema-graph\">{\"@context\":\"https:\/\/schema.org\",\"@graph\":[{\"@type\":\"WebPage\",\"@id\":\"https:\/\/ottawavalleymetalinc.com\/fr\/au-sujet-dovm\/ovm-dans-la-communaute\/\",\"url\":\"https:\/\/ottawavalleymetalinc.com\/fr\/au-sujet-dovm\/ovm-dans-la-communaute\/\",\"name\":\"Notre travail dans la communaut\u00e9 | Ottawa Valley Metal\",\"isPartOf\":{\"@id\":\"https:\/\/ottawavalleymetalinc.com\/fr\/#website\"},\"datePublished\":\"2025-04-08T10:25:04+00:00\",\"dateModified\":\"2025-08-29T06:56:43+00:00\",\"description\":\"Ottawa Valley Metal a le sens de la communaut\u00e9 et sait qu\u2019il est important de la soutenir. Au fil des ans, OVM a particip\u00e9 \u00e0 de nombreux \u00e9v\u00e9nements caritatifs\",\"breadcrumb\":{\"@id\":\"https:\/\/ottawavalleymetalinc.com\/fr\/au-sujet-dovm\/ovm-dans-la-communaute\/#breadcrumb\"},\"inLanguage\":\"fr-FR\",\"potentialAction\":[{\"@type\":\"ReadAction\",\"target\":[\"https:\/\/ottawavalleymetalinc.com\/fr\/au-sujet-dovm\/ovm-dans-la-communaute\/\"]}]},{\"@type\":\"BreadcrumbList\",\"@id\":\"https:\/\/ottawavalleymetalinc.com\/fr\/au-sujet-dovm\/ovm-dans-la-communaute\/#breadcrumb\",\"itemListElement\":[{\"@type\":\"ListItem\",\"position\":1,\"name\":\"Home\",\"item\":\"https:\/\/ottawavalleymetalinc.com\/fr\/\"},{\"@type\":\"ListItem\",\"position\":2,\"name\":\"Au Sujet d\u2019OVM\",\"item\":\"https:\/\/ottawavalleymetalinc.com\/fr\/au-sujet-dovm\/\"},{\"@type\":\"ListItem\",\"position\":3,\"name\":\"OVM dans la communaut\u00e9\"}]},{\"@type\":\"WebSite\",\"@id\":\"https:\/\/ottawavalleymetalinc.com\/fr\/#website\",\"url\":\"https:\/\/ottawavalleymetalinc.com\/fr\/\",\"name\":\"Ottawa Valley Metal\",\"description\":\"\",\"potentialAction\":[{\"@type\":\"SearchAction\",\"target\":{\"@type\":\"EntryPoint\",\"urlTemplate\":\"https:\/\/ottawavalleymetalinc.com\/fr\/?s={search_term_string}\"},\"query-input\":{\"@type\":\"PropertyValueSpecification\",\"valueRequired\":true,\"valueName\":\"search_term_string\"}}],\"inLanguage\":\"fr-FR\"}]}<\/script>\n<!-- \/ Yoast SEO plugin. -->","yoast_head_json":{"title":"Notre travail dans la communaut\u00e9 | Ottawa Valley Metal","description":"Ottawa Valley Metal a le sens de la communaut\u00e9 et sait qu\u2019il est important de la soutenir. Au fil des ans, OVM a particip\u00e9 \u00e0 de nombreux \u00e9v\u00e9nements caritatifs","robots":{"index":"index","follow":"follow","max-snippet":"max-snippet:-1","max-image-preview":"max-image-preview:large","max-video-preview":"max-video-preview:-1"},"canonical":"https:\/\/ottawavalleymetalinc.com\/fr\/au-sujet-dovm\/ovm-dans-la-communaute\/","schema":{"@context":"https:\/\/schema.org","@graph":[{"@type":"WebPage","@id":"https:\/\/ottawavalleymetalinc.com\/fr\/au-sujet-dovm\/ovm-dans-la-communaute\/","url":"https:\/\/ottawavalleymetalinc.com\/fr\/au-sujet-dovm\/ovm-dans-la-communaute\/","name":"Notre travail dans la communaut\u00e9 | Ottawa Valley Metal","isPartOf":{"@id":"https:\/\/ottawavalleymetalinc.com\/fr\/#website"},"datePublished":"2025-04-08T10:25:04+00:00","dateModified":"2025-08-29T06:56:43+00:00","description":"Ottawa Valley Metal a le sens de la communaut\u00e9 et sait qu\u2019il est important de la soutenir. Au fil des ans, OVM a particip\u00e9 \u00e0 de nombreux \u00e9v\u00e9nements caritatifs","breadcrumb":{"@id":"https:\/\/ottawavalleymetalinc.com\/fr\/au-sujet-dovm\/ovm-dans-la-communaute\/#breadcrumb"},"inLanguage":"fr-FR","potentialAction":[{"@type":"ReadAction","target":["https:\/\/ottawavalleymetalinc.com\/fr\/au-sujet-dovm\/ovm-dans-la-communaute\/"]}]},{"@type":"BreadcrumbList","@id":"https:\/\/ottawavalleymetalinc.com\/fr\/au-sujet-dovm\/ovm-dans-la-communaute\/#breadcrumb","itemListElement":[{"@type":"ListItem","position":1,"name":"Home","item":"https:\/\/ottawavalleymetalinc.com\/fr\/"},{"@type":"ListItem","position":2,"name":"Au Sujet d\u2019OVM","item":"https:\/\/ottawavalleymetalinc.com\/fr\/au-sujet-dovm\/"},{"@type":"ListItem","position":3,"name":"OVM dans la communaut\u00e9"}]},{"@type":"WebSite","@id":"https:\/\/ottawavalleymetalinc.com\/fr\/#website","url":"https:\/\/ottawavalleymetalinc.com\/fr\/","name":"Ottawa Valley Metal","description":"","potentialAction":[{"@type":"SearchAction","target":{"@type":"EntryPoint","urlTemplate":"https:\/\/ottawavalleymetalinc.com\/fr\/?s={search_term_string}"},"query-input":{"@type":"PropertyValueSpecification","valueRequired":true,"valueName":"search_term_string"}}],"inLanguage":"fr-FR"}]}},"_links":{"self":[{"href":"https:\/\/ottawavalleymetalinc.com\/fr\/wp-json\/wp\/v2\/pages\/252","targetHints":{"allow":["GET"]}}],"collection":[{"href":"https:\/\/ottawavalleymetalinc.com\/fr\/wp-json\/wp\/v2\/pages"}],"about":[{"href":"https:\/\/ottawavalleymetalinc.com\/fr\/wp-json\/wp\/v2\/types\/page"}],"author":[{"embeddable":true,"href":"https:\/\/ottawavalleymetalinc.com\/fr\/wp-json\/wp\/v2\/users\/1"}],"replies":[{"embeddable":true,"href":"https:\/\/ottawavalleymetalinc.com\/fr\/wp-json\/wp\/v2\/comments?post=252"}],"version-history":[{"count":2,"href":"https:\/\/ottawavalleymetalinc.com\/fr\/wp-json\/wp\/v2\/pages\/252\/revisions"}],"predecessor-version":[{"id":2490,"href":"https:\/\/ottawavalleymetalinc.com\/fr\/wp-json\/wp\/v2\/pages\/252\/revisions\/2490"}],"up":[{"embeddable":true,"href":"https:\/\/ottawavalleymetalinc.com\/fr\/wp-json\/wp\/v2\/pages\/205"}],"wp:attachment":[{"href":"https:\/\/ottawavalleymetalinc.com\/fr\/wp-json\/wp\/v2\/media?parent=252"}],"curies":[{"name":"wp","href":"https:\/\/api.w.org\/{rel}","templated":true}]}}