{"id":335,"date":"2025-04-08T10:21:36","date_gmt":"2025-04-08T10:21:36","guid":{"rendered":"https:\/\/ottawavalledev.wpenginepowered.com\/?page_id=335"},"modified":"2025-04-30T14:57:19","modified_gmt":"2025-04-30T14:57:19","slug":"duchesne","status":"publish","type":"page","link":"https:\/\/ottawavalleymetalinc.com\/fr\/fournisseurs\/duchesne\/","title":{"rendered":"Duchesne"},"content":{"rendered":"<p><div class=\"fusion-fullwidth fullwidth-box fusion-builder-row-1 fusion-flex-container has-pattern-background has-mask-background fusion-parallax-none background_section nonhundred-percent-fullwidth non-hundred-percent-height-scrolling\" style=\"--awb-border-radius-top-left:0px;--awb-border-radius-top-right:0px;--awb-border-radius-bottom-right:0px;--awb-border-radius-bottom-left:0px;--awb-padding-bottom:100px;--awb-background-image:url(&quot;https:\/\/ottawavalleymetalinc.com\/wp-content\/uploads\/2025\/03\/New-Project-12.webp&quot;);--awb-background-size:cover;--awb-flex-wrap:wrap;\" ><div class=\"fusion-builder-row fusion-row fusion-flex-align-items-center fusion-flex-content-wrap\" style=\"max-width:1248px;margin-left: calc(-4% \/ 2 );margin-right: calc(-4% \/ 2 );\"><div class=\"fusion-layout-column fusion_builder_column fusion-builder-column-0 fusion_builder_column_3_5 3_5 fusion-flex-column\" style=\"--awb-bg-size:cover;--awb-width-large:60%;--awb-margin-top-large:0px;--awb-spacing-right-large:3.2%;--awb-margin-bottom-large:20px;--awb-spacing-left-large:3.2%;--awb-width-medium:60%;--awb-order-medium:0;--awb-spacing-right-medium:3.2%;--awb-spacing-left-medium:3.2%;--awb-width-small:100%;--awb-order-small:0;--awb-spacing-right-small:1.92%;--awb-spacing-left-small:1.92%;\"><div class=\"fusion-column-wrapper fusion-column-has-shadow fusion-flex-justify-content-flex-start fusion-content-layout-column\"><div class=\"fusion-image-element \" style=\"text-align:right;--awb-margin-top:100px;--awb-margin-right:40px;--awb-max-width:75%;--awb-caption-title-font-family:var(--h2_typography-font-family);--awb-caption-title-font-weight:var(--h2_typography-font-weight);--awb-caption-title-font-style:var(--h2_typography-font-style);--awb-caption-title-size:var(--h2_typography-font-size);--awb-caption-title-transform:var(--h2_typography-text-transform);--awb-caption-title-line-height:var(--h2_typography-line-height);--awb-caption-title-letter-spacing:var(--h2_typography-letter-spacing);\"><span class=\" fusion-imageframe imageframe-none imageframe-1 hover-type-none\"><img decoding=\"async\" width=\"614\" height=\"836\" alt=\"Rev\u00eatement\" title=\"_Image_ (14)\" src=\"https:\/\/ottawavalleymetalinc.com\/wp-content\/uploads\/2025\/03\/Image_-14.webp\" class=\"img-responsive wp-image-116\" srcset=\"https:\/\/ottawavalleymetalinc.com\/wp-content\/uploads\/2025\/03\/Image_-14-200x272.webp 200w, https:\/\/ottawavalleymetalinc.com\/wp-content\/uploads\/2025\/03\/Image_-14-220x300.webp 220w, https:\/\/ottawavalleymetalinc.com\/wp-content\/uploads\/2025\/03\/Image_-14-400x545.webp 400w, https:\/\/ottawavalleymetalinc.com\/wp-content\/uploads\/2025\/03\/Image_-14-600x817.webp 600w, https:\/\/ottawavalleymetalinc.com\/wp-content\/uploads\/2025\/03\/Image_-14.webp 614w\" sizes=\"(max-width: 640px) 100vw, 614px\" \/><\/span><\/div><\/div><\/div><div class=\"fusion-layout-column fusion_builder_column fusion-builder-column-1 fusion_builder_column_2_5 2_5 fusion-flex-column\" style=\"--awb-bg-size:cover;--awb-width-large:40%;--awb-margin-top-large:0px;--awb-spacing-right-large:4.8%;--awb-margin-bottom-large:20px;--awb-spacing-left-large:4.8%;--awb-width-medium:40%;--awb-order-medium:0;--awb-spacing-right-medium:4.8%;--awb-spacing-left-medium:4.8%;--awb-width-small:100%;--awb-order-small:0;--awb-spacing-right-small:1.92%;--awb-spacing-left-small:1.92%;\" data-scroll-devices=\"small-visibility,medium-visibility,large-visibility\"><div class=\"fusion-column-wrapper fusion-column-has-shadow fusion-flex-justify-content-center fusion-content-layout-column\"><div class=\"fusion-title title fusion-title-1 fusion-sep-none fusion-title-text fusion-title-size-one\" style=\"--awb-margin-bottom:10px;--awb-font-size:60px;\"><h1 class=\"fusion-title-heading title-heading-left\" style=\"margin:0;font-size:1em;\">Duchesne<\/h1><\/div><div class=\"fusion-text fusion-text-1\"><p>Depuis plus de 90 ans, Duchesne r\u00e9pond aux besoins des centres de r\u00e9novation, des quincailleries, des centres de distribution et des fabricants sp\u00e9cialis\u00e9s du Canada et des \u00c9tats-Unis.<\/p>\n<p>Depuis 1927, l\u2019entreprise familiale aujourd\u2019hui g\u00e9r\u00e9e par sa quatri\u00e8me g\u00e9n\u00e9ration, Audrey Duchesne-Milette, a acquis une solide r\u00e9putation gr\u00e2ce \u00e0 la qualit\u00e9 de ses produits et \u00e0 la fiabilit\u00e9 de son service. De la conception du produit \u00e0 la production, en passant par l\u2019emballage et l\u2019exp\u00e9dition, Duchesne veille \u00e0 maintenir un niveau \u00e9lev\u00e9 de qualit\u00e9 \u00e0 chaque \u00e9tape.<\/p>\n<p>Il est devenu un symbole canadien d\u2019excellence dans le domaine des mat\u00e9riaux de construction.<\/p>\n<\/div><\/div><\/div><\/div><\/div><div class=\"fusion-fullwidth fullwidth-box fusion-builder-row-2 fusion-flex-container has-pattern-background has-mask-background fusion-parallax-none background_with_white tablet_section_right nonhundred-percent-fullwidth non-hundred-percent-height-scrolling\" style=\"--awb-background-position:center top;--awb-border-radius-top-left:0px;--awb-border-radius-top-right:0px;--awb-border-radius-bottom-right:0px;--awb-border-radius-bottom-left:0px;--awb-margin-top:50px;--awb-min-height:750px;--awb-background-image:url(&quot;https:\/\/ottawavalleymetalinc.com\/wp-content\/uploads\/2025\/03\/image.png&quot;);--awb-background-size:cover;--awb-flex-wrap:wrap;\" ><div class=\"fusion-builder-row fusion-row fusion-flex-align-items-stretch fusion-flex-content-wrap\" style=\"max-width:1248px;margin-left: calc(-4% \/ 2 );margin-right: calc(-4% \/ 2 );\"><div class=\"fusion-layout-column fusion_builder_column fusion-builder-column-2 fusion_builder_column_1_2 1_2 fusion-flex-column\" style=\"--awb-bg-size:cover;--awb-width-large:50%;--awb-margin-top-large:0px;--awb-spacing-right-large:3.84%;--awb-margin-bottom-large:20px;--awb-spacing-left-large:3.84%;--awb-width-medium:50%;--awb-order-medium:0;--awb-spacing-right-medium:3.84%;--awb-spacing-left-medium:3.84%;--awb-width-small:100%;--awb-order-small:0;--awb-spacing-right-small:1.92%;--awb-spacing-left-small:1.92%;\" data-scroll-devices=\"small-visibility,medium-visibility,large-visibility\"><div class=\"fusion-column-wrapper fusion-column-has-shadow fusion-flex-justify-content-flex-end fusion-content-layout-column\"><div style=\"text-align:center;\"><a class=\"fusion-button button-flat fusion-button-default-size button-custom fusion-button-default button-1 fusion-button-default-span fusion-button-default-type fullwidth-button\" style=\"--button_accent_color:var(--awb-color1);--button_accent_hover_color:var(--awb-color1);--button_border_hover_color:var(--awb-color1);--button_gradient_top_color:#0b2038;--button_gradient_bottom_color:#0b2038;--button_gradient_top_color_hover:#0b1f38;--button_gradient_bottom_color_hover:#0b1f38;--button_text_transform:capitalize;--button_font_size:36px;--button_typography-font-family:&quot;Inter&quot;;--button_typography-font-style:normal;--button_typography-font-weight:400;\" target=\"_self\" href=\"#available_products\"><span class=\"fusion-button-text\">Produits disponibles<\/span><\/a><\/div><div style=\"text-align:center;\"><a class=\"fusion-button button-flat fusion-button-default-size button-custom fusion-button-default button-2 fusion-button-default-span fusion-button-default-type fullwidth-button\" style=\"--button_accent_color:var(--awb-color1);--button_accent_hover_color:var(--awb-color1);--button_border_hover_color:var(--awb-color1);--button_gradient_top_color:#84a3bf;--button_gradient_bottom_color:#84a3bf;--button_gradient_top_color_hover:#0b1f38;--button_gradient_bottom_color_hover:#0b1f38;--button_text_transform:capitalize;--button_font_size:36px;--button_typography-font-family:&quot;Inter&quot;;--button_typography-font-style:normal;--button_typography-font-weight:400;\" target=\"_self\" href=\"https:\/\/ottawavalleymetalinc.com\/fr\/produits\/charte-des-couleurs\/\"><span class=\"fusion-button-text\">Charte des couleurs<\/span><\/a><\/div><\/div><\/div><div class=\"fusion-layout-column fusion_builder_column fusion-builder-column-3 fusion_builder_column_1_2 1_2 fusion-flex-column uncommon_fontsize\" style=\"--awb-padding-left:30px;--awb-padding-left-small:0px;--awb-bg-image-small:url(&#039;https:\/\/ottawavalleymetalinc.com\/wp-content\/uploads\/2025\/03\/New-Project-14.webp&#039;);--awb-bg-size:cover;--awb-width-large:50%;--awb-margin-top-large:0px;--awb-spacing-right-large:3.84%;--awb-margin-bottom-large:20px;--awb-spacing-left-large:3.84%;--awb-width-medium:50%;--awb-order-medium:0;--awb-spacing-right-medium:3.84%;--awb-spacing-left-medium:3.84%;--awb-width-small:100%;--awb-order-small:0;--awb-spacing-right-small:1.92%;--awb-spacing-left-small:1.92%;\" data-scroll-devices=\"small-visibility,medium-visibility,large-visibility\"><div class=\"fusion-column-wrapper fusion-column-has-shadow fusion-flex-justify-content-center fusion-content-layout-column fusion-column-has-bg-image-small\"><div class=\"fusion-text fusion-text-2\" style=\"--awb-font-size:60px;--awb-line-height:70px;--awb-text-transform:uppercase;--awb-text-color:#ffffff;--awb-margin-top:100px;\"><p><span style=\"font-size: 64px;\">OBTENEZ<\/span> <span style=\"font-size: 90px;\">DES PRODUITS<\/span> <span style=\"font-size: 64px; font-weight: bold;\">D\u2019ACIER<\/span> <span style=\"font-size: 45px;\">R\u00c9SIDENTIELS ET<\/span> <span style=\"font-size: 78px;\">COMMERCIAUX<\/span> <span style=\"font-size: 64px;\">DE QUALIT\u00c9<\/span> <span style=\"line-height: 90px; font-size: 98px;\">\u00c0 OTTAWA<\/span><\/p>\n<\/div><\/div><\/div><\/div><\/div><div class=\"fusion-fullwidth fullwidth-box fusion-builder-row-3 fusion-flex-container has-pattern-background has-mask-background nonhundred-percent-fullwidth non-hundred-percent-height-scrolling\" style=\"--awb-border-radius-top-left:0px;--awb-border-radius-top-right:0px;--awb-border-radius-bottom-right:0px;--awb-border-radius-bottom-left:0px;--awb-padding-top:50px;--awb-padding-bottom:50px;--awb-background-color:#ffffff;--awb-flex-wrap:wrap;\" id=\"available_products\" ><div class=\"fusion-builder-row fusion-row fusion-flex-align-items-flex-start fusion-flex-justify-content-center fusion-flex-content-wrap\" style=\"max-width:calc( 1200px + 15px );margin-left: calc(-15px \/ 2 );margin-right: calc(-15px \/ 2 );\"><div class=\"fusion-layout-column fusion_builder_column fusion-builder-column-4 fusion_builder_column_1_1 1_1 fusion-flex-column\" style=\"--awb-bg-size:cover;--awb-width-large:100%;--awb-margin-top-large:0px;--awb-spacing-right-large:7.5px;--awb-margin-bottom-large:20px;--awb-spacing-left-large:7.5px;--awb-width-medium:100%;--awb-order-medium:0;--awb-spacing-right-medium:7.5px;--awb-spacing-left-medium:7.5px;--awb-width-small:100%;--awb-order-small:0;--awb-spacing-right-small:7.5px;--awb-spacing-left-small:7.5px;\"><div class=\"fusion-column-wrapper fusion-column-has-shadow fusion-flex-justify-content-flex-start fusion-content-layout-column\"><div class=\"fusion-title title fusion-title-2 fusion-sep-none fusion-title-center fusion-title-text fusion-title-size-two\" style=\"--awb-margin-bottom:30px;--awb-font-size:60px;\"><h2 class=\"fusion-title-heading title-heading-center\" style=\"margin:0;font-size:1em;\">Produits<\/h2><\/div><\/div><\/div><div class=\"fusion-layout-column fusion_builder_column fusion-builder-column-5 fusion_builder_column_1_3 1_3 fusion-flex-column project_hover\" style=\"--awb-bg-size:cover;--awb-width-large:33.333333333333%;--awb-margin-top-large:0px;--awb-spacing-right-large:7.5px;--awb-margin-bottom-large:20px;--awb-spacing-left-large:7.5px;--awb-width-medium:33.333333333333%;--awb-order-medium:0;--awb-spacing-right-medium:7.5px;--awb-spacing-left-medium:7.5px;--awb-width-small:100%;--awb-order-small:0;--awb-spacing-right-small:7.5px;--awb-spacing-left-small:7.5px;\" data-scroll-devices=\"small-visibility,medium-visibility,large-visibility\"><div class=\"fusion-column-wrapper fusion-column-has-shadow fusion-flex-justify-content-flex-start fusion-content-layout-column\"><div class=\"fusion-image-element \" style=\"--awb-caption-title-font-family:var(--h2_typography-font-family);--awb-caption-title-font-weight:var(--h2_typography-font-weight);--awb-caption-title-font-style:var(--h2_typography-font-style);--awb-caption-title-size:var(--h2_typography-font-size);--awb-caption-title-transform:var(--h2_typography-text-transform);--awb-caption-title-line-height:var(--h2_typography-line-height);--awb-caption-title-letter-spacing:var(--h2_typography-letter-spacing);\"><span class=\" fusion-imageframe imageframe-none imageframe-2 hover-type-none\"><img decoding=\"async\" width=\"400\" height=\"400\" alt=\"Duchesne\" title=\"New Project (20)\" src=\"https:\/\/ottawavalleymetalinc.com\/wp-content\/uploads\/2025\/04\/New-Project-20-5.webp\" class=\"img-responsive wp-image-806\" srcset=\"https:\/\/ottawavalleymetalinc.com\/wp-content\/uploads\/2025\/04\/New-Project-20-5-66x66.webp 66w, https:\/\/ottawavalleymetalinc.com\/wp-content\/uploads\/2025\/04\/New-Project-20-5-150x150.webp 150w, https:\/\/ottawavalleymetalinc.com\/wp-content\/uploads\/2025\/04\/New-Project-20-5-200x200.webp 200w, https:\/\/ottawavalleymetalinc.com\/wp-content\/uploads\/2025\/04\/New-Project-20-5-300x300.webp 300w, https:\/\/ottawavalleymetalinc.com\/wp-content\/uploads\/2025\/04\/New-Project-20-5.webp 400w\" sizes=\"(max-width: 640px) 100vw, 400px\" \/><\/span><\/div><div class=\"hover_section\">\n<h4>PROFIL D\u2019ACIER POUR REV\u00caTEMENT<\/h4>\n<p class=\"link\"><a href=\"\/wp-content\/uploads\/2025\/04\/LC15.pdf\" target=\"_blank\">LC 15<\/a><\/p>\n<br>\n<p class=\"link\"><a href=\"\/wp-content\/uploads\/2025\/04\/LC17.pdf\" target=\"_blank\">LC 17<\/a><\/p>\n<\/div><div class=\"fusion-title title fusion-title-3 fusion-sep-none fusion-title-text fusion-title-size-five prd-title\"><h5 class=\"fusion-title-heading title-heading-left\" style=\"margin:0;\">PROFIL D\u2019ACIER POUR REV\u00caTEMENT<\/h5><\/div><\/div><\/div><div class=\"fusion-layout-column fusion_builder_column fusion-builder-column-6 fusion_builder_column_1_3 1_3 fusion-flex-column project_hover\" style=\"--awb-bg-size:cover;--awb-width-large:33.333333333333%;--awb-margin-top-large:0px;--awb-spacing-right-large:7.5px;--awb-margin-bottom-large:20px;--awb-spacing-left-large:7.5px;--awb-width-medium:33.333333333333%;--awb-order-medium:0;--awb-spacing-right-medium:7.5px;--awb-spacing-left-medium:7.5px;--awb-width-small:100%;--awb-order-small:0;--awb-spacing-right-small:7.5px;--awb-spacing-left-small:7.5px;\" data-scroll-devices=\"small-visibility,medium-visibility,large-visibility\"><div class=\"fusion-column-wrapper fusion-column-has-shadow fusion-flex-justify-content-flex-start fusion-content-layout-column\"><div class=\"fusion-image-element \" style=\"--awb-caption-title-font-family:var(--h2_typography-font-family);--awb-caption-title-font-weight:var(--h2_typography-font-weight);--awb-caption-title-font-style:var(--h2_typography-font-style);--awb-caption-title-size:var(--h2_typography-font-size);--awb-caption-title-transform:var(--h2_typography-text-transform);--awb-caption-title-line-height:var(--h2_typography-line-height);--awb-caption-title-letter-spacing:var(--h2_typography-letter-spacing);\"><span class=\" fusion-imageframe imageframe-none imageframe-3 hover-type-none\"><img decoding=\"async\" width=\"400\" height=\"400\" alt=\"Duchesne\" title=\"New Project (19)\" src=\"https:\/\/ottawavalleymetalinc.com\/wp-content\/uploads\/2025\/04\/New-Project-19-5.webp\" class=\"img-responsive wp-image-808\" srcset=\"https:\/\/ottawavalleymetalinc.com\/wp-content\/uploads\/2025\/04\/New-Project-19-5-66x66.webp 66w, https:\/\/ottawavalleymetalinc.com\/wp-content\/uploads\/2025\/04\/New-Project-19-5-150x150.webp 150w, https:\/\/ottawavalleymetalinc.com\/wp-content\/uploads\/2025\/04\/New-Project-19-5-200x200.webp 200w, https:\/\/ottawavalleymetalinc.com\/wp-content\/uploads\/2025\/04\/New-Project-19-5-300x300.webp 300w, https:\/\/ottawavalleymetalinc.com\/wp-content\/uploads\/2025\/04\/New-Project-19-5.webp 400w\" sizes=\"(max-width: 640px) 100vw, 400px\" \/><\/span><\/div><div class=\"hover_section\">\n<h4>PROFIL D\u2019ACIER POUR TOITURE<\/h4>\n<p class=\"link\"><a href=\"\/wp-content\/uploads\/2025\/04\/TR5.pdf\" target=\"_blank\">TR 5<\/a><\/p>\n<br>\n<p class=\"link\"><a href=\"\/wp-content\/uploads\/2025\/04\/TR7.pdf\" target=\"_blank\">TR 7<\/a><\/p>\n<br>\n<p class=\"link\"><a href=\"\/wp-content\/uploads\/2025\/04\/TR11.pdf\" target=\"_blank\">TR 11<\/a><\/p>\n<br>\n<p class=\"link\"><a href=\"\/wp-content\/uploads\/2025\/04\/TR80.pdf\" target=\"_blank\">TR 80<\/a><\/p>\n<\/div><div class=\"fusion-title title fusion-title-4 fusion-sep-none fusion-title-text fusion-title-size-five prd-title\"><h5 class=\"fusion-title-heading title-heading-left\" style=\"margin:0;\">PROFIL D\u2019ACIER POUR TOITURE<\/h5><\/div><\/div><\/div><div class=\"fusion-layout-column fusion_builder_column fusion-builder-column-7 fusion_builder_column_1_1 1_1 fusion-flex-column\" style=\"--awb-bg-size:cover;--awb-width-large:100%;--awb-margin-top-large:30px;--awb-spacing-right-large:7.5px;--awb-margin-bottom-large:20px;--awb-spacing-left-large:7.5px;--awb-width-medium:100%;--awb-order-medium:0;--awb-spacing-right-medium:7.5px;--awb-spacing-left-medium:7.5px;--awb-width-small:100%;--awb-order-small:0;--awb-spacing-right-small:7.5px;--awb-spacing-left-small:7.5px;\" data-scroll-devices=\"small-visibility,medium-visibility,large-visibility\"><div class=\"fusion-column-wrapper fusion-column-has-shadow fusion-flex-justify-content-flex-start fusion-content-layout-column\"><div style=\"text-align:center;\"><a class=\"fusion-button button-flat fusion-button-default-size button-default fusion-button-default button-3 fusion-button-default-span fusion-button-default-type\" target=\"_self\" href=\"https:\/\/ottawavalleymetalinc.com\/fr\/demander-un-devis\/\"><span class=\"fusion-button-text\">DEMANDER UNE SOUMISSION<\/span><\/a><\/div><\/div><\/div><\/div><\/div><\/p>\n","protected":false},"excerpt":{"rendered":"","protected":false},"author":1,"featured_media":0,"parent":333,"menu_order":0,"comment_status":"closed","ping_status":"closed","template":"100-width.php","meta":{"footnotes":""},"class_list":["post-335","page","type-page","status-publish","hentry"],"yoast_head":"<!-- This site is optimized with the Yoast SEO plugin v26.0 - https:\/\/yoast.com\/wordpress\/plugins\/seo\/ -->\n<title>Duchesne | Fournisseurs Ottawa Valley Metal<\/title>\n<meta name=\"description\" content=\"Duchesne r\u00e9pond aux besoins des centres de r\u00e9novation, des quincailleries, des centres de distribution et des fabricants sp\u00e9cialis\u00e9s du Canada et des E-U.\" \/>\n<meta name=\"robots\" content=\"index, follow, max-snippet:-1, max-image-preview:large, max-video-preview:-1\" \/>\n<link rel=\"canonical\" href=\"https:\/\/ottawavalleymetalinc.com\/fr\/fournisseurs\/duchesne\/\" \/>\n<script type=\"application\/ld+json\" class=\"yoast-schema-graph\">{\"@context\":\"https:\/\/schema.org\",\"@graph\":[{\"@type\":\"WebPage\",\"@id\":\"https:\/\/ottawavalleymetalinc.com\/fr\/fournisseurs\/duchesne\/\",\"url\":\"https:\/\/ottawavalleymetalinc.com\/fr\/fournisseurs\/duchesne\/\",\"name\":\"Duchesne | Fournisseurs Ottawa Valley Metal\",\"isPartOf\":{\"@id\":\"https:\/\/ottawavalleymetalinc.com\/fr\/#website\"},\"datePublished\":\"2025-04-08T10:21:36+00:00\",\"dateModified\":\"2025-04-30T14:57:19+00:00\",\"description\":\"Duchesne r\u00e9pond aux besoins des centres de r\u00e9novation, des quincailleries, des centres de distribution et des fabricants sp\u00e9cialis\u00e9s du Canada et des E-U.\",\"breadcrumb\":{\"@id\":\"https:\/\/ottawavalleymetalinc.com\/fr\/fournisseurs\/duchesne\/#breadcrumb\"},\"inLanguage\":\"fr-FR\",\"potentialAction\":[{\"@type\":\"ReadAction\",\"target\":[\"https:\/\/ottawavalleymetalinc.com\/fr\/fournisseurs\/duchesne\/\"]}]},{\"@type\":\"BreadcrumbList\",\"@id\":\"https:\/\/ottawavalleymetalinc.com\/fr\/fournisseurs\/duchesne\/#breadcrumb\",\"itemListElement\":[{\"@type\":\"ListItem\",\"position\":1,\"name\":\"Home\",\"item\":\"https:\/\/ottawavalleymetalinc.com\/fr\/\"},{\"@type\":\"ListItem\",\"position\":2,\"name\":\"Fournisseurs\",\"item\":\"https:\/\/ottawavalleymetalinc.com\/fr\/fournisseurs\/\"},{\"@type\":\"ListItem\",\"position\":3,\"name\":\"Duchesne\"}]},{\"@type\":\"WebSite\",\"@id\":\"https:\/\/ottawavalleymetalinc.com\/fr\/#website\",\"url\":\"https:\/\/ottawavalleymetalinc.com\/fr\/\",\"name\":\"Ottawa Valley Metal\",\"description\":\"\",\"potentialAction\":[{\"@type\":\"SearchAction\",\"target\":{\"@type\":\"EntryPoint\",\"urlTemplate\":\"https:\/\/ottawavalleymetalinc.com\/fr\/?s={search_term_string}\"},\"query-input\":{\"@type\":\"PropertyValueSpecification\",\"valueRequired\":true,\"valueName\":\"search_term_string\"}}],\"inLanguage\":\"fr-FR\"}]}<\/script>\n<!-- \/ Yoast SEO plugin. -->","yoast_head_json":{"title":"Duchesne | Fournisseurs Ottawa Valley Metal","description":"Duchesne r\u00e9pond aux besoins des centres de r\u00e9novation, des quincailleries, des centres de distribution et des fabricants sp\u00e9cialis\u00e9s du Canada et des E-U.","robots":{"index":"index","follow":"follow","max-snippet":"max-snippet:-1","max-image-preview":"max-image-preview:large","max-video-preview":"max-video-preview:-1"},"canonical":"https:\/\/ottawavalleymetalinc.com\/fr\/fournisseurs\/duchesne\/","schema":{"@context":"https:\/\/schema.org","@graph":[{"@type":"WebPage","@id":"https:\/\/ottawavalleymetalinc.com\/fr\/fournisseurs\/duchesne\/","url":"https:\/\/ottawavalleymetalinc.com\/fr\/fournisseurs\/duchesne\/","name":"Duchesne | Fournisseurs Ottawa Valley Metal","isPartOf":{"@id":"https:\/\/ottawavalleymetalinc.com\/fr\/#website"},"datePublished":"2025-04-08T10:21:36+00:00","dateModified":"2025-04-30T14:57:19+00:00","description":"Duchesne r\u00e9pond aux besoins des centres de r\u00e9novation, des quincailleries, des centres de distribution et des fabricants sp\u00e9cialis\u00e9s du Canada et des E-U.","breadcrumb":{"@id":"https:\/\/ottawavalleymetalinc.com\/fr\/fournisseurs\/duchesne\/#breadcrumb"},"inLanguage":"fr-FR","potentialAction":[{"@type":"ReadAction","target":["https:\/\/ottawavalleymetalinc.com\/fr\/fournisseurs\/duchesne\/"]}]},{"@type":"BreadcrumbList","@id":"https:\/\/ottawavalleymetalinc.com\/fr\/fournisseurs\/duchesne\/#breadcrumb","itemListElement":[{"@type":"ListItem","position":1,"name":"Home","item":"https:\/\/ottawavalleymetalinc.com\/fr\/"},{"@type":"ListItem","position":2,"name":"Fournisseurs","item":"https:\/\/ottawavalleymetalinc.com\/fr\/fournisseurs\/"},{"@type":"ListItem","position":3,"name":"Duchesne"}]},{"@type":"WebSite","@id":"https:\/\/ottawavalleymetalinc.com\/fr\/#website","url":"https:\/\/ottawavalleymetalinc.com\/fr\/","name":"Ottawa Valley Metal","description":"","potentialAction":[{"@type":"SearchAction","target":{"@type":"EntryPoint","urlTemplate":"https:\/\/ottawavalleymetalinc.com\/fr\/?s={search_term_string}"},"query-input":{"@type":"PropertyValueSpecification","valueRequired":true,"valueName":"search_term_string"}}],"inLanguage":"fr-FR"}]}},"_links":{"self":[{"href":"https:\/\/ottawavalleymetalinc.com\/fr\/wp-json\/wp\/v2\/pages\/335","targetHints":{"allow":["GET"]}}],"collection":[{"href":"https:\/\/ottawavalleymetalinc.com\/fr\/wp-json\/wp\/v2\/pages"}],"about":[{"href":"https:\/\/ottawavalleymetalinc.com\/fr\/wp-json\/wp\/v2\/types\/page"}],"author":[{"embeddable":true,"href":"https:\/\/ottawavalleymetalinc.com\/fr\/wp-json\/wp\/v2\/users\/1"}],"replies":[{"embeddable":true,"href":"https:\/\/ottawavalleymetalinc.com\/fr\/wp-json\/wp\/v2\/comments?post=335"}],"version-history":[{"count":1,"href":"https:\/\/ottawavalleymetalinc.com\/fr\/wp-json\/wp\/v2\/pages\/335\/revisions"}],"predecessor-version":[{"id":924,"href":"https:\/\/ottawavalleymetalinc.com\/fr\/wp-json\/wp\/v2\/pages\/335\/revisions\/924"}],"up":[{"embeddable":true,"href":"https:\/\/ottawavalleymetalinc.com\/fr\/wp-json\/wp\/v2\/pages\/333"}],"wp:attachment":[{"href":"https:\/\/ottawavalleymetalinc.com\/fr\/wp-json\/wp\/v2\/media?parent=335"}],"curies":[{"name":"wp","href":"https:\/\/api.w.org\/{rel}","templated":true}]}}