{"id":337,"date":"2025-04-08T10:22:30","date_gmt":"2025-04-08T10:22:30","guid":{"rendered":"https:\/\/ottawavalledev.wpenginepowered.com\/?page_id=337"},"modified":"2025-04-28T07:30:41","modified_gmt":"2025-04-28T07:30:41","slug":"lindab","status":"publish","type":"page","link":"https:\/\/ottawavalleymetalinc.com\/fr\/fournisseurs\/lindab\/","title":{"rendered":"Lindab"},"content":{"rendered":"<p><div class=\"fusion-fullwidth fullwidth-box fusion-builder-row-1 fusion-flex-container has-pattern-background has-mask-background fusion-parallax-none background_section nonhundred-percent-fullwidth non-hundred-percent-height-scrolling\" style=\"--awb-border-radius-top-left:0px;--awb-border-radius-top-right:0px;--awb-border-radius-bottom-right:0px;--awb-border-radius-bottom-left:0px;--awb-padding-bottom:100px;--awb-background-image:url(&quot;https:\/\/ottawavalleymetalinc.com\/wp-content\/uploads\/2025\/03\/New-Project-12.webp&quot;);--awb-background-size:cover;--awb-flex-wrap:wrap;\" ><div class=\"fusion-builder-row fusion-row fusion-flex-align-items-center fusion-flex-content-wrap\" style=\"max-width:1248px;margin-left: calc(-4% \/ 2 );margin-right: calc(-4% \/ 2 );\"><div class=\"fusion-layout-column fusion_builder_column fusion-builder-column-0 fusion_builder_column_3_5 3_5 fusion-flex-column\" style=\"--awb-bg-size:cover;--awb-width-large:60%;--awb-margin-top-large:0px;--awb-spacing-right-large:3.2%;--awb-margin-bottom-large:20px;--awb-spacing-left-large:3.2%;--awb-width-medium:60%;--awb-order-medium:0;--awb-spacing-right-medium:3.2%;--awb-spacing-left-medium:3.2%;--awb-width-small:100%;--awb-order-small:0;--awb-spacing-right-small:1.92%;--awb-spacing-left-small:1.92%;\"><div class=\"fusion-column-wrapper fusion-column-has-shadow fusion-flex-justify-content-flex-start fusion-content-layout-column\"><div class=\"fusion-image-element \" style=\"text-align:right;--awb-margin-top:100px;--awb-margin-right:40px;--awb-max-width:75%;--awb-caption-title-font-family:var(--h2_typography-font-family);--awb-caption-title-font-weight:var(--h2_typography-font-weight);--awb-caption-title-font-style:var(--h2_typography-font-style);--awb-caption-title-size:var(--h2_typography-font-size);--awb-caption-title-transform:var(--h2_typography-text-transform);--awb-caption-title-line-height:var(--h2_typography-line-height);--awb-caption-title-letter-spacing:var(--h2_typography-letter-spacing);\"><span class=\" fusion-imageframe imageframe-none imageframe-1 hover-type-none\"><img decoding=\"async\" width=\"614\" height=\"836\" alt=\"Rev\u00eatement\" title=\"_Image_ (14)\" src=\"https:\/\/ottawavalleymetalinc.com\/wp-content\/uploads\/2025\/03\/Image_-14.webp\" class=\"img-responsive wp-image-116\" srcset=\"https:\/\/ottawavalleymetalinc.com\/wp-content\/uploads\/2025\/03\/Image_-14-200x272.webp 200w, https:\/\/ottawavalleymetalinc.com\/wp-content\/uploads\/2025\/03\/Image_-14-220x300.webp 220w, https:\/\/ottawavalleymetalinc.com\/wp-content\/uploads\/2025\/03\/Image_-14-400x545.webp 400w, https:\/\/ottawavalleymetalinc.com\/wp-content\/uploads\/2025\/03\/Image_-14-600x817.webp 600w, https:\/\/ottawavalleymetalinc.com\/wp-content\/uploads\/2025\/03\/Image_-14.webp 614w\" sizes=\"(max-width: 640px) 100vw, 614px\" \/><\/span><\/div><\/div><\/div><div class=\"fusion-layout-column fusion_builder_column fusion-builder-column-1 fusion_builder_column_2_5 2_5 fusion-flex-column\" style=\"--awb-bg-size:cover;--awb-width-large:40%;--awb-margin-top-large:0px;--awb-spacing-right-large:4.8%;--awb-margin-bottom-large:20px;--awb-spacing-left-large:4.8%;--awb-width-medium:40%;--awb-order-medium:0;--awb-spacing-right-medium:4.8%;--awb-spacing-left-medium:4.8%;--awb-width-small:100%;--awb-order-small:0;--awb-spacing-right-small:1.92%;--awb-spacing-left-small:1.92%;\" data-scroll-devices=\"small-visibility,medium-visibility,large-visibility\"><div class=\"fusion-column-wrapper fusion-column-has-shadow fusion-flex-justify-content-center fusion-content-layout-column\"><div class=\"fusion-title title fusion-title-1 fusion-sep-none fusion-title-text fusion-title-size-one\"><h1 class=\"fusion-title-heading title-heading-left\" style=\"margin:0;\">Lindab<\/h1><\/div><div class=\"fusion-text fusion-text-1\"><p>Le catalogue de produits d\u2019European Gutters Canada comprend des goutti\u00e8res et des composants Lindab Rainline. Lindab est le syst\u00e8me de drainage de toit qui offre la meilleure qualit\u00e9 lorsqu\u2019il s\u2019agit de combiner la durabilit\u00e9, la flexibilit\u00e9 et la facilit\u00e9 d\u2019installation, mais vous pouvez choisir Lindab pour sa fi\u00e8re allure. Nos filiales canadiennes se sp\u00e9cialisent dans l\u2019installation de goutti\u00e8res de pluie europ\u00e9ennes et de goutti\u00e8res de Lindab partout au Canada.<\/p>\n<ul>\n<li>durable et flexible<\/li>\n<li>une gamme compl\u00e8te de composants<\/li>\n<li>facile \u00e0 installer<\/li>\n<li>raccords \u00e0 enclenchement<\/li>\n<\/ul>\n<\/div><\/div><\/div><\/div><\/div><div class=\"fusion-fullwidth fullwidth-box fusion-builder-row-2 fusion-flex-container has-pattern-background has-mask-background fusion-parallax-none background_with_white tablet_section_right nonhundred-percent-fullwidth non-hundred-percent-height-scrolling\" style=\"--awb-background-position:center top;--awb-border-radius-top-left:0px;--awb-border-radius-top-right:0px;--awb-border-radius-bottom-right:0px;--awb-border-radius-bottom-left:0px;--awb-margin-top:50px;--awb-min-height:750px;--awb-background-image:url(&quot;https:\/\/ottawavalleymetalinc.com\/wp-content\/uploads\/2025\/03\/image.png&quot;);--awb-background-size:cover;--awb-flex-wrap:wrap;\" ><div class=\"fusion-builder-row fusion-row fusion-flex-align-items-stretch fusion-flex-content-wrap\" style=\"max-width:1248px;margin-left: calc(-4% \/ 2 );margin-right: calc(-4% \/ 2 );\"><div class=\"fusion-layout-column fusion_builder_column fusion-builder-column-2 fusion_builder_column_1_2 1_2 fusion-flex-column\" style=\"--awb-bg-size:cover;--awb-width-large:50%;--awb-margin-top-large:0px;--awb-spacing-right-large:3.84%;--awb-margin-bottom-large:20px;--awb-spacing-left-large:3.84%;--awb-width-medium:50%;--awb-order-medium:0;--awb-spacing-right-medium:3.84%;--awb-spacing-left-medium:3.84%;--awb-width-small:100%;--awb-order-small:0;--awb-spacing-right-small:1.92%;--awb-spacing-left-small:1.92%;\" data-scroll-devices=\"small-visibility,medium-visibility,large-visibility\"><div class=\"fusion-column-wrapper fusion-column-has-shadow fusion-flex-justify-content-flex-end fusion-content-layout-column\"><div style=\"text-align:center;\"><a class=\"fusion-button button-flat fusion-button-default-size button-custom fusion-button-default button-1 fusion-button-default-span fusion-button-default-type fullwidth-button\" style=\"--button_accent_color:var(--awb-color1);--button_accent_hover_color:var(--awb-color1);--button_border_hover_color:var(--awb-color1);--button_gradient_top_color:#0b2038;--button_gradient_bottom_color:#0b2038;--button_gradient_top_color_hover:#0b1f38;--button_gradient_bottom_color_hover:#0b1f38;--button_text_transform:capitalize;--button_font_size:36px;--button_typography-font-family:&quot;Inter&quot;;--button_typography-font-style:normal;--button_typography-font-weight:400;\" target=\"_self\" href=\"#available_products\"><span class=\"fusion-button-text\">Produits disponibles<\/span><\/a><\/div><div style=\"text-align:center;\"><a class=\"fusion-button button-flat fusion-button-default-size button-custom fusion-button-default button-2 fusion-button-default-span fusion-button-default-type fullwidth-button\" style=\"--button_accent_color:var(--awb-color1);--button_accent_hover_color:var(--awb-color1);--button_border_hover_color:var(--awb-color1);--button_gradient_top_color:#84a3bf;--button_gradient_bottom_color:#84a3bf;--button_gradient_top_color_hover:#0b1f38;--button_gradient_bottom_color_hover:#0b1f38;--button_text_transform:capitalize;--button_font_size:36px;--button_typography-font-family:&quot;Inter&quot;;--button_typography-font-style:normal;--button_typography-font-weight:400;\" target=\"_self\" href=\"https:\/\/ottawavalleymetalinc.com\/fr\/produits\/charte-des-couleurs\/\"><span class=\"fusion-button-text\">Charte des couleurs<\/span><\/a><\/div><\/div><\/div><div class=\"fusion-layout-column fusion_builder_column fusion-builder-column-3 fusion_builder_column_1_2 1_2 fusion-flex-column uncommon_fontsize\" style=\"--awb-padding-left:30px;--awb-padding-left-small:0px;--awb-bg-image-small:url(&#039;https:\/\/ottawavalleymetalinc.com\/wp-content\/uploads\/2025\/03\/New-Project-14.webp&#039;);--awb-bg-size:cover;--awb-width-large:50%;--awb-margin-top-large:0px;--awb-spacing-right-large:3.84%;--awb-margin-bottom-large:20px;--awb-spacing-left-large:3.84%;--awb-width-medium:50%;--awb-order-medium:0;--awb-spacing-right-medium:3.84%;--awb-spacing-left-medium:3.84%;--awb-width-small:100%;--awb-order-small:0;--awb-spacing-right-small:1.92%;--awb-spacing-left-small:1.92%;\" data-scroll-devices=\"small-visibility,medium-visibility,large-visibility\"><div class=\"fusion-column-wrapper fusion-column-has-shadow fusion-flex-justify-content-center fusion-content-layout-column fusion-column-has-bg-image-small\"><div class=\"fusion-text fusion-text-2\" style=\"--awb-font-size:60px;--awb-line-height:70px;--awb-text-transform:uppercase;--awb-text-color:#ffffff;--awb-margin-top:100px;\"><p><span style=\"font-size: 64px;\">OBTENEZ<\/span> <span style=\"font-size: 90px;\">DES PRODUITS<\/span> <span style=\"font-size: 64px; font-weight: bold;\">D\u2019ACIER<\/span> <span style=\"font-size: 45px;\">R\u00c9SIDENTIELS ET<\/span> <span style=\"font-size: 78px;\">COMMERCIAUX<\/span> <span style=\"font-size: 64px;\">DE QUALIT\u00c9<\/span> <span style=\"line-height: 90px; font-size: 98px;\">\u00c0 OTTAWA<\/span><\/p>\n<\/div><\/div><\/div><\/div><\/div><div class=\"fusion-fullwidth fullwidth-box fusion-builder-row-3 fusion-flex-container has-pattern-background has-mask-background nonhundred-percent-fullwidth non-hundred-percent-height-scrolling\" style=\"--awb-border-radius-top-left:0px;--awb-border-radius-top-right:0px;--awb-border-radius-bottom-right:0px;--awb-border-radius-bottom-left:0px;--awb-padding-top:50px;--awb-padding-bottom:50px;--awb-background-color:#ffffff;--awb-flex-wrap:wrap;\" id=\"available_products\" ><div class=\"fusion-builder-row fusion-row fusion-flex-align-items-flex-start fusion-flex-justify-content-center fusion-flex-content-wrap\" style=\"max-width:calc( 1200px + 15px );margin-left: calc(-15px \/ 2 );margin-right: calc(-15px \/ 2 );\"><div class=\"fusion-layout-column fusion_builder_column fusion-builder-column-4 fusion_builder_column_1_1 1_1 fusion-flex-column\" style=\"--awb-bg-size:cover;--awb-width-large:100%;--awb-margin-top-large:0px;--awb-spacing-right-large:7.5px;--awb-margin-bottom-large:20px;--awb-spacing-left-large:7.5px;--awb-width-medium:100%;--awb-order-medium:0;--awb-spacing-right-medium:7.5px;--awb-spacing-left-medium:7.5px;--awb-width-small:100%;--awb-order-small:0;--awb-spacing-right-small:7.5px;--awb-spacing-left-small:7.5px;\"><div class=\"fusion-column-wrapper fusion-column-has-shadow fusion-flex-justify-content-flex-start fusion-content-layout-column\"><div class=\"fusion-title title fusion-title-2 fusion-sep-none fusion-title-center fusion-title-text fusion-title-size-two\" style=\"--awb-margin-bottom:30px;--awb-font-size:60px;\"><h2 class=\"fusion-title-heading title-heading-center\" style=\"margin:0;font-size:1em;\">Produits<\/h2><\/div><\/div><\/div><div class=\"fusion-layout-column fusion_builder_column fusion-builder-column-5 fusion_builder_column_1_3 1_3 fusion-flex-column project_hover\" style=\"--awb-bg-size:cover;--awb-width-large:33.333333333333%;--awb-margin-top-large:0px;--awb-spacing-right-large:7.5px;--awb-margin-bottom-large:20px;--awb-spacing-left-large:7.5px;--awb-width-medium:33.333333333333%;--awb-order-medium:0;--awb-spacing-right-medium:7.5px;--awb-spacing-left-medium:7.5px;--awb-width-small:100%;--awb-order-small:0;--awb-spacing-right-small:7.5px;--awb-spacing-left-small:7.5px;\" data-scroll-devices=\"small-visibility,medium-visibility,large-visibility\"><div class=\"fusion-column-wrapper fusion-column-has-shadow fusion-flex-justify-content-flex-start fusion-content-layout-column\"><div class=\"fusion-image-element \" style=\"--awb-caption-title-font-family:var(--h2_typography-font-family);--awb-caption-title-font-weight:var(--h2_typography-font-weight);--awb-caption-title-font-style:var(--h2_typography-font-style);--awb-caption-title-size:var(--h2_typography-font-size);--awb-caption-title-transform:var(--h2_typography-text-transform);--awb-caption-title-line-height:var(--h2_typography-line-height);--awb-caption-title-letter-spacing:var(--h2_typography-letter-spacing);\"><span class=\" fusion-imageframe imageframe-none imageframe-2 hover-type-none\"><img decoding=\"async\" width=\"400\" height=\"400\" alt=\"Lindab\" title=\"New Project (19)\" src=\"https:\/\/ottawavalleymetalinc.com\/wp-content\/uploads\/2025\/04\/New-Project-19-4.webp\" class=\"img-responsive wp-image-789\" srcset=\"https:\/\/ottawavalleymetalinc.com\/wp-content\/uploads\/2025\/04\/New-Project-19-4-66x66.webp 66w, https:\/\/ottawavalleymetalinc.com\/wp-content\/uploads\/2025\/04\/New-Project-19-4-150x150.webp 150w, https:\/\/ottawavalleymetalinc.com\/wp-content\/uploads\/2025\/04\/New-Project-19-4-200x200.webp 200w, https:\/\/ottawavalleymetalinc.com\/wp-content\/uploads\/2025\/04\/New-Project-19-4-300x300.webp 300w, https:\/\/ottawavalleymetalinc.com\/wp-content\/uploads\/2025\/04\/New-Project-19-4.webp 400w\" sizes=\"(max-width: 640px) 100vw, 400px\" \/><\/span><\/div><div class=\"hover_section\">\n<h4>Tuyaux de descente et accessoires<\/h4>\n<p>Agricole<\/p>\n<p><b>Raccord encliquetable sup\u00e9rieur<\/b><\/p>\n<p>La beaut\u00e9 de Lindab r\u00e9side dans les d\u00e9tails. L\u2019usinage \u00e0 haute tol\u00e9rance produit des pi\u00e8ces embo\u00eetables, simplifiant l\u2019installation pour des r\u00e9sultats professionnels, que vous soyez un ferblantier chevronn\u00e9 ou un propri\u00e9taire travaillant sur un projet, vous appr\u00e9cierez la qualit\u00e9 de la finition.<\/p>\n<p><b>Rev\u00eatement galvanis\u00e9 d\u2019acier<\/b><\/p>\n<p>Pour \u00eatre prot\u00e9g\u00e9 \u00e0 long terme contre la corrosion, l\u2019acier est recouvert de 275 g de zinc par m\u00e8tre carr\u00e9. Le rev\u00eatement galvanis\u00e9 est autor\u00e9parant, toute rayure ou coupure \u00e9tant automatiquement scell\u00e9e par des ions de zinc, qui se d\u00e9placent pour recouvrir l\u2019acier \u00e0 nu.<\/p>\n<p class=\"link\"><a href=\"https:\/\/www.europeangutters.ca\/product-catalogue\" target=\"_blank\">Site Web<\/a><\/p>\n<\/div><div class=\"fusion-title title fusion-title-3 fusion-sep-none fusion-title-text fusion-title-size-five prd-title\"><h5 class=\"fusion-title-heading title-heading-left\" style=\"margin:0;\">Tuyaux de descente et accessoires<\/h5><\/div><\/div><\/div><div class=\"fusion-layout-column fusion_builder_column fusion-builder-column-6 fusion_builder_column_1_3 1_3 fusion-flex-column project_hover\" style=\"--awb-bg-size:cover;--awb-width-large:33.333333333333%;--awb-margin-top-large:0px;--awb-spacing-right-large:7.5px;--awb-margin-bottom-large:20px;--awb-spacing-left-large:7.5px;--awb-width-medium:33.333333333333%;--awb-order-medium:0;--awb-spacing-right-medium:7.5px;--awb-spacing-left-medium:7.5px;--awb-width-small:100%;--awb-order-small:0;--awb-spacing-right-small:7.5px;--awb-spacing-left-small:7.5px;\" data-scroll-devices=\"small-visibility,medium-visibility,large-visibility\"><div class=\"fusion-column-wrapper fusion-column-has-shadow fusion-flex-justify-content-flex-start fusion-content-layout-column\"><div class=\"fusion-image-element \" style=\"--awb-caption-title-font-family:var(--h2_typography-font-family);--awb-caption-title-font-weight:var(--h2_typography-font-weight);--awb-caption-title-font-style:var(--h2_typography-font-style);--awb-caption-title-size:var(--h2_typography-font-size);--awb-caption-title-transform:var(--h2_typography-text-transform);--awb-caption-title-line-height:var(--h2_typography-line-height);--awb-caption-title-letter-spacing:var(--h2_typography-letter-spacing);\"><span class=\" fusion-imageframe imageframe-none imageframe-3 hover-type-none\"><img decoding=\"async\" width=\"400\" height=\"400\" alt=\"Lindab\" title=\"New Project (20)\" src=\"https:\/\/ottawavalleymetalinc.com\/wp-content\/uploads\/2025\/04\/New-Project-20-4.webp\" class=\"img-responsive wp-image-791\" srcset=\"https:\/\/ottawavalleymetalinc.com\/wp-content\/uploads\/2025\/04\/New-Project-20-4-66x66.webp 66w, https:\/\/ottawavalleymetalinc.com\/wp-content\/uploads\/2025\/04\/New-Project-20-4-150x150.webp 150w, https:\/\/ottawavalleymetalinc.com\/wp-content\/uploads\/2025\/04\/New-Project-20-4-200x200.webp 200w, https:\/\/ottawavalleymetalinc.com\/wp-content\/uploads\/2025\/04\/New-Project-20-4-300x300.webp 300w, https:\/\/ottawavalleymetalinc.com\/wp-content\/uploads\/2025\/04\/New-Project-20-4.webp 400w\" sizes=\"(max-width: 640px) 100vw, 400px\" \/><\/span><\/div><div class=\"hover_section\">\n<h4>Goutti\u00e8res et accessoires<\/h4>\n<p><b>Raccord encliquetable sup\u00e9rieur<\/b><\/p>\n<p>La beaut\u00e9 de Lindab r\u00e9side dans les d\u00e9tails. L\u2019usinage \u00e0 haute tol\u00e9rance produit des pi\u00e8ces embo\u00eetables, simplifiant l\u2019installation pour des r\u00e9sultats professionnels, que vous soyez un ferblantier chevronn\u00e9 ou un propri\u00e9taire travaillant sur un projet, vous appr\u00e9cierez la qualit\u00e9 de la finition.<\/p>\n<p><b>Rev\u00eatement galvanis\u00e9 d\u2019acier<\/b><\/p>\n<p>Pour \u00eatre prot\u00e9g\u00e9 \u00e0 long terme contre la corrosion, l\u2019acier est recouvert de 275 g de zinc par m\u00e8tre carr\u00e9. Le rev\u00eatement galvanis\u00e9 est autor\u00e9parant, toute rayure ou coupure \u00e9tant automatiquement scell\u00e9e par des ions de zinc, qui se d\u00e9placent pour recouvrir l\u2019acier \u00e0 nu.<\/p>\n<p class=\"link\"><a href=\"https:\/\/www.europeangutters.ca\/product-catalogue\" target=\"_blank\">Site Web<\/a><\/p>\n<\/div><div class=\"fusion-title title fusion-title-4 fusion-sep-none fusion-title-text fusion-title-size-five prd-title\"><h5 class=\"fusion-title-heading title-heading-left\" style=\"margin:0;\">Goutti\u00e8res et accessoires<\/h5><\/div><\/div><\/div><div class=\"fusion-layout-column fusion_builder_column fusion-builder-column-7 fusion_builder_column_1_1 1_1 fusion-flex-column\" style=\"--awb-bg-size:cover;--awb-width-large:100%;--awb-margin-top-large:30px;--awb-spacing-right-large:7.5px;--awb-margin-bottom-large:20px;--awb-spacing-left-large:7.5px;--awb-width-medium:100%;--awb-order-medium:0;--awb-spacing-right-medium:7.5px;--awb-spacing-left-medium:7.5px;--awb-width-small:100%;--awb-order-small:0;--awb-spacing-right-small:7.5px;--awb-spacing-left-small:7.5px;\" data-scroll-devices=\"small-visibility,medium-visibility,large-visibility\"><div class=\"fusion-column-wrapper fusion-column-has-shadow fusion-flex-justify-content-flex-start fusion-content-layout-column\"><div style=\"text-align:center;\"><a class=\"fusion-button button-flat fusion-button-default-size button-default fusion-button-default button-3 fusion-button-default-span fusion-button-default-type\" target=\"_self\" href=\"https:\/\/ottawavalleymetalinc.com\/fr\/demander-un-devis\/\"><span class=\"fusion-button-text\">DEMANDER UNE SOUMISSION<\/span><\/a><\/div><\/div><\/div><\/div><\/div><\/p>\n","protected":false},"excerpt":{"rendered":"","protected":false},"author":1,"featured_media":0,"parent":333,"menu_order":0,"comment_status":"closed","ping_status":"closed","template":"100-width.php","meta":{"footnotes":""},"class_list":["post-337","page","type-page","status-publish","hentry"],"yoast_head":"<!-- This site is optimized with the Yoast SEO plugin v26.0 - https:\/\/yoast.com\/wordpress\/plugins\/seo\/ -->\n<title>Lindab | Fournisseurs | Ottawa Valley Metal<\/title>\n<meta name=\"description\" content=\"Lindab est le syst\u00e8me de drainage de toit qui offre la meilleure qualit\u00e9 lorsqu\u2019il s\u2019agit de combiner la durabilit\u00e9, la flexibilit\u00e9 et la facilit\u00e9 d\u2019installation.\" \/>\n<meta name=\"robots\" content=\"index, follow, max-snippet:-1, max-image-preview:large, max-video-preview:-1\" \/>\n<link rel=\"canonical\" href=\"https:\/\/ottawavalleymetalinc.com\/fr\/fournisseurs\/lindab\/\" \/>\n<script type=\"application\/ld+json\" class=\"yoast-schema-graph\">{\"@context\":\"https:\/\/schema.org\",\"@graph\":[{\"@type\":\"WebPage\",\"@id\":\"https:\/\/ottawavalleymetalinc.com\/fr\/fournisseurs\/lindab\/\",\"url\":\"https:\/\/ottawavalleymetalinc.com\/fr\/fournisseurs\/lindab\/\",\"name\":\"Lindab | Fournisseurs | Ottawa Valley Metal\",\"isPartOf\":{\"@id\":\"https:\/\/ottawavalleymetalinc.com\/fr\/#website\"},\"datePublished\":\"2025-04-08T10:22:30+00:00\",\"dateModified\":\"2025-04-28T07:30:41+00:00\",\"description\":\"Lindab est le syst\u00e8me de drainage de toit qui offre la meilleure qualit\u00e9 lorsqu\u2019il s\u2019agit de combiner la durabilit\u00e9, la flexibilit\u00e9 et la facilit\u00e9 d\u2019installation.\",\"breadcrumb\":{\"@id\":\"https:\/\/ottawavalleymetalinc.com\/fr\/fournisseurs\/lindab\/#breadcrumb\"},\"inLanguage\":\"fr-FR\",\"potentialAction\":[{\"@type\":\"ReadAction\",\"target\":[\"https:\/\/ottawavalleymetalinc.com\/fr\/fournisseurs\/lindab\/\"]}]},{\"@type\":\"BreadcrumbList\",\"@id\":\"https:\/\/ottawavalleymetalinc.com\/fr\/fournisseurs\/lindab\/#breadcrumb\",\"itemListElement\":[{\"@type\":\"ListItem\",\"position\":1,\"name\":\"Home\",\"item\":\"https:\/\/ottawavalleymetalinc.com\/fr\/\"},{\"@type\":\"ListItem\",\"position\":2,\"name\":\"Fournisseurs\",\"item\":\"https:\/\/ottawavalleymetalinc.com\/fr\/fournisseurs\/\"},{\"@type\":\"ListItem\",\"position\":3,\"name\":\"Lindab\"}]},{\"@type\":\"WebSite\",\"@id\":\"https:\/\/ottawavalleymetalinc.com\/fr\/#website\",\"url\":\"https:\/\/ottawavalleymetalinc.com\/fr\/\",\"name\":\"Ottawa Valley Metal\",\"description\":\"\",\"potentialAction\":[{\"@type\":\"SearchAction\",\"target\":{\"@type\":\"EntryPoint\",\"urlTemplate\":\"https:\/\/ottawavalleymetalinc.com\/fr\/?s={search_term_string}\"},\"query-input\":{\"@type\":\"PropertyValueSpecification\",\"valueRequired\":true,\"valueName\":\"search_term_string\"}}],\"inLanguage\":\"fr-FR\"}]}<\/script>\n<!-- \/ Yoast SEO plugin. -->","yoast_head_json":{"title":"Lindab | Fournisseurs | Ottawa Valley Metal","description":"Lindab est le syst\u00e8me de drainage de toit qui offre la meilleure qualit\u00e9 lorsqu\u2019il s\u2019agit de combiner la durabilit\u00e9, la flexibilit\u00e9 et la facilit\u00e9 d\u2019installation.","robots":{"index":"index","follow":"follow","max-snippet":"max-snippet:-1","max-image-preview":"max-image-preview:large","max-video-preview":"max-video-preview:-1"},"canonical":"https:\/\/ottawavalleymetalinc.com\/fr\/fournisseurs\/lindab\/","schema":{"@context":"https:\/\/schema.org","@graph":[{"@type":"WebPage","@id":"https:\/\/ottawavalleymetalinc.com\/fr\/fournisseurs\/lindab\/","url":"https:\/\/ottawavalleymetalinc.com\/fr\/fournisseurs\/lindab\/","name":"Lindab | Fournisseurs | Ottawa Valley Metal","isPartOf":{"@id":"https:\/\/ottawavalleymetalinc.com\/fr\/#website"},"datePublished":"2025-04-08T10:22:30+00:00","dateModified":"2025-04-28T07:30:41+00:00","description":"Lindab est le syst\u00e8me de drainage de toit qui offre la meilleure qualit\u00e9 lorsqu\u2019il s\u2019agit de combiner la durabilit\u00e9, la flexibilit\u00e9 et la facilit\u00e9 d\u2019installation.","breadcrumb":{"@id":"https:\/\/ottawavalleymetalinc.com\/fr\/fournisseurs\/lindab\/#breadcrumb"},"inLanguage":"fr-FR","potentialAction":[{"@type":"ReadAction","target":["https:\/\/ottawavalleymetalinc.com\/fr\/fournisseurs\/lindab\/"]}]},{"@type":"BreadcrumbList","@id":"https:\/\/ottawavalleymetalinc.com\/fr\/fournisseurs\/lindab\/#breadcrumb","itemListElement":[{"@type":"ListItem","position":1,"name":"Home","item":"https:\/\/ottawavalleymetalinc.com\/fr\/"},{"@type":"ListItem","position":2,"name":"Fournisseurs","item":"https:\/\/ottawavalleymetalinc.com\/fr\/fournisseurs\/"},{"@type":"ListItem","position":3,"name":"Lindab"}]},{"@type":"WebSite","@id":"https:\/\/ottawavalleymetalinc.com\/fr\/#website","url":"https:\/\/ottawavalleymetalinc.com\/fr\/","name":"Ottawa Valley Metal","description":"","potentialAction":[{"@type":"SearchAction","target":{"@type":"EntryPoint","urlTemplate":"https:\/\/ottawavalleymetalinc.com\/fr\/?s={search_term_string}"},"query-input":{"@type":"PropertyValueSpecification","valueRequired":true,"valueName":"search_term_string"}}],"inLanguage":"fr-FR"}]}},"_links":{"self":[{"href":"https:\/\/ottawavalleymetalinc.com\/fr\/wp-json\/wp\/v2\/pages\/337","targetHints":{"allow":["GET"]}}],"collection":[{"href":"https:\/\/ottawavalleymetalinc.com\/fr\/wp-json\/wp\/v2\/pages"}],"about":[{"href":"https:\/\/ottawavalleymetalinc.com\/fr\/wp-json\/wp\/v2\/types\/page"}],"author":[{"embeddable":true,"href":"https:\/\/ottawavalleymetalinc.com\/fr\/wp-json\/wp\/v2\/users\/1"}],"replies":[{"embeddable":true,"href":"https:\/\/ottawavalleymetalinc.com\/fr\/wp-json\/wp\/v2\/comments?post=337"}],"version-history":[{"count":0,"href":"https:\/\/ottawavalleymetalinc.com\/fr\/wp-json\/wp\/v2\/pages\/337\/revisions"}],"up":[{"embeddable":true,"href":"https:\/\/ottawavalleymetalinc.com\/fr\/wp-json\/wp\/v2\/pages\/333"}],"wp:attachment":[{"href":"https:\/\/ottawavalleymetalinc.com\/fr\/wp-json\/wp\/v2\/media?parent=337"}],"curies":[{"name":"wp","href":"https:\/\/api.w.org\/{rel}","templated":true}]}}