{"id":338,"date":"2025-04-08T10:21:13","date_gmt":"2025-04-08T10:21:13","guid":{"rendered":"https:\/\/ottawavalledev.wpenginepowered.com\/?page_id=338"},"modified":"2025-08-29T07:04:13","modified_gmt":"2025-08-29T07:04:13","slug":"metalunic","status":"publish","type":"page","link":"https:\/\/ottawavalleymetalinc.com\/fr\/fournisseurs\/metalunic\/","title":{"rendered":"M\u00e9talunic"},"content":{"rendered":"<p><div class=\"fusion-fullwidth fullwidth-box fusion-builder-row-1 fusion-flex-container has-pattern-background has-mask-background fusion-parallax-none background_section nonhundred-percent-fullwidth non-hundred-percent-height-scrolling\" style=\"--awb-border-radius-top-left:0px;--awb-border-radius-top-right:0px;--awb-border-radius-bottom-right:0px;--awb-border-radius-bottom-left:0px;--awb-padding-bottom:100px;--awb-background-image:url(&quot;https:\/\/ottawavalleymetalinc.com\/wp-content\/uploads\/2025\/03\/New-Project-12.webp&quot;);--awb-background-size:cover;--awb-flex-wrap:wrap;\" ><div class=\"fusion-builder-row fusion-row fusion-flex-align-items-center fusion-flex-content-wrap\" style=\"max-width:1248px;margin-left: calc(-4% \/ 2 );margin-right: calc(-4% \/ 2 );\"><div class=\"fusion-layout-column fusion_builder_column fusion-builder-column-0 fusion_builder_column_3_5 3_5 fusion-flex-column\" style=\"--awb-bg-size:cover;--awb-width-large:60%;--awb-margin-top-large:0px;--awb-spacing-right-large:3.2%;--awb-margin-bottom-large:20px;--awb-spacing-left-large:3.2%;--awb-width-medium:60%;--awb-order-medium:0;--awb-spacing-right-medium:3.2%;--awb-spacing-left-medium:3.2%;--awb-width-small:100%;--awb-order-small:0;--awb-spacing-right-small:1.92%;--awb-spacing-left-small:1.92%;\"><div class=\"fusion-column-wrapper fusion-column-has-shadow fusion-flex-justify-content-flex-start fusion-content-layout-column\"><div class=\"fusion-image-element \" style=\"text-align:right;--awb-margin-top:100px;--awb-margin-right:40px;--awb-max-width:75%;--awb-caption-title-font-family:var(--h2_typography-font-family);--awb-caption-title-font-weight:var(--h2_typography-font-weight);--awb-caption-title-font-style:var(--h2_typography-font-style);--awb-caption-title-size:var(--h2_typography-font-size);--awb-caption-title-transform:var(--h2_typography-text-transform);--awb-caption-title-line-height:var(--h2_typography-line-height);--awb-caption-title-letter-spacing:var(--h2_typography-letter-spacing);\"><span class=\" fusion-imageframe imageframe-none imageframe-1 hover-type-none\"><img decoding=\"async\" width=\"614\" height=\"836\" alt=\"Rev\u00eatement\" title=\"_Image_ (14)\" src=\"https:\/\/ottawavalleymetalinc.com\/wp-content\/uploads\/2025\/03\/Image_-14.webp\" class=\"img-responsive wp-image-116\" srcset=\"https:\/\/ottawavalleymetalinc.com\/wp-content\/uploads\/2025\/03\/Image_-14-200x272.webp 200w, https:\/\/ottawavalleymetalinc.com\/wp-content\/uploads\/2025\/03\/Image_-14-220x300.webp 220w, https:\/\/ottawavalleymetalinc.com\/wp-content\/uploads\/2025\/03\/Image_-14-400x545.webp 400w, https:\/\/ottawavalleymetalinc.com\/wp-content\/uploads\/2025\/03\/Image_-14-600x817.webp 600w, https:\/\/ottawavalleymetalinc.com\/wp-content\/uploads\/2025\/03\/Image_-14.webp 614w\" sizes=\"(max-width: 640px) 100vw, 614px\" \/><\/span><\/div><\/div><\/div><div class=\"fusion-layout-column fusion_builder_column fusion-builder-column-1 fusion_builder_column_2_5 2_5 fusion-flex-column\" style=\"--awb-bg-size:cover;--awb-width-large:40%;--awb-margin-top-large:0px;--awb-spacing-right-large:4.8%;--awb-margin-bottom-large:20px;--awb-spacing-left-large:4.8%;--awb-width-medium:40%;--awb-order-medium:0;--awb-spacing-right-medium:4.8%;--awb-spacing-left-medium:4.8%;--awb-width-small:100%;--awb-order-small:0;--awb-spacing-right-small:1.92%;--awb-spacing-left-small:1.92%;\" data-scroll-devices=\"small-visibility,medium-visibility,large-visibility\"><div class=\"fusion-column-wrapper fusion-column-has-shadow fusion-flex-justify-content-center fusion-content-layout-column\"><div class=\"fusion-title title fusion-title-1 fusion-sep-none fusion-title-text fusion-title-size-one\" style=\"--awb-margin-bottom:10px;--awb-font-size:60px;\"><h1 class=\"fusion-title-heading title-heading-left\" style=\"margin:0;font-size:1em;\">M\u00e9talunic<\/h1><\/div><div class=\"fusion-text fusion-text-1\"><p>Lors de la conception de votre maison, le choix du parement ext\u00e9rieur est une \u00e9tape tr\u00e8s importante. Pour beaucoup, ce choix est avant tout esth\u00e9tique. Il faut comprendre que le parement de sa maison joue un r\u00f4le beaucoup plus important que son apparence. Sa fonction principale est de prot\u00e9ger votre maison des \u00e9l\u00e9ments.<\/p>\n<p>Le parement m\u00e9tallique Distinction est fait d\u2019acier, un mat\u00e9riau \u00e0 haute r\u00e9sistance. Sa solidit\u00e9 et sa durabilit\u00e9 prot\u00e9geront votre propri\u00e9t\u00e9, \u00e0 temps plein, contre les intemp\u00e9ries de votre r\u00e9gion.<\/p>\n<p>Que vous construisiez une nouvelle maison ou que vous la r\u00e9noviez, Distinction r\u00e9pondra \u00e0 toutes vos attentes!<\/p>\n<\/div><\/div><\/div><\/div><\/div><div class=\"fusion-fullwidth fullwidth-box fusion-builder-row-2 fusion-flex-container has-pattern-background has-mask-background fusion-parallax-none background_with_white tablet_section_right nonhundred-percent-fullwidth non-hundred-percent-height-scrolling\" style=\"--awb-background-position:center top;--awb-border-radius-top-left:0px;--awb-border-radius-top-right:0px;--awb-border-radius-bottom-right:0px;--awb-border-radius-bottom-left:0px;--awb-margin-top:50px;--awb-min-height:750px;--awb-background-image:url(&quot;https:\/\/ottawavalleymetalinc.com\/wp-content\/uploads\/2025\/03\/image.png&quot;);--awb-background-size:cover;--awb-flex-wrap:wrap;\" ><div class=\"fusion-builder-row fusion-row fusion-flex-align-items-stretch fusion-flex-content-wrap\" style=\"max-width:1248px;margin-left: calc(-4% \/ 2 );margin-right: calc(-4% \/ 2 );\"><div class=\"fusion-layout-column fusion_builder_column fusion-builder-column-2 fusion_builder_column_1_2 1_2 fusion-flex-column\" style=\"--awb-bg-size:cover;--awb-width-large:50%;--awb-margin-top-large:0px;--awb-spacing-right-large:3.84%;--awb-margin-bottom-large:20px;--awb-spacing-left-large:3.84%;--awb-width-medium:50%;--awb-order-medium:0;--awb-spacing-right-medium:3.84%;--awb-spacing-left-medium:3.84%;--awb-width-small:100%;--awb-order-small:0;--awb-spacing-right-small:1.92%;--awb-spacing-left-small:1.92%;\" data-scroll-devices=\"small-visibility,medium-visibility,large-visibility\"><div class=\"fusion-column-wrapper fusion-column-has-shadow fusion-flex-justify-content-flex-end fusion-content-layout-column\"><div style=\"text-align:center;\"><a class=\"fusion-button button-flat fusion-button-default-size button-custom fusion-button-default button-1 fusion-button-default-span fusion-button-default-type fullwidth-button\" style=\"--button_accent_color:var(--awb-color1);--button_accent_hover_color:var(--awb-color1);--button_border_hover_color:var(--awb-color1);--button_gradient_top_color:#0b2038;--button_gradient_bottom_color:#0b2038;--button_gradient_top_color_hover:#0b1f38;--button_gradient_bottom_color_hover:#0b1f38;--button_text_transform:capitalize;--button_font_size:36px;--button_typography-font-family:&quot;Inter&quot;;--button_typography-font-style:normal;--button_typography-font-weight:400;\" target=\"_self\" href=\"#available_products\"><span class=\"fusion-button-text\">Produits disponibles<\/span><\/a><\/div><div style=\"text-align:center;\"><a class=\"fusion-button button-flat fusion-button-default-size button-custom fusion-button-default button-2 fusion-button-default-span fusion-button-default-type fullwidth-button\" style=\"--button_accent_color:var(--awb-color1);--button_accent_hover_color:var(--awb-color1);--button_border_hover_color:var(--awb-color1);--button_gradient_top_color:#84a3bf;--button_gradient_bottom_color:#84a3bf;--button_gradient_top_color_hover:#0b1f38;--button_gradient_bottom_color_hover:#0b1f38;--button_text_transform:capitalize;--button_font_size:36px;--button_typography-font-family:&quot;Inter&quot;;--button_typography-font-style:normal;--button_typography-font-weight:400;\" target=\"_self\" href=\"https:\/\/ottawavalleymetalinc.com\/fr\/produits\/charte-des-couleurs\/\"><span class=\"fusion-button-text\">Charte des couleurs<\/span><\/a><\/div><\/div><\/div><div class=\"fusion-layout-column fusion_builder_column fusion-builder-column-3 fusion_builder_column_1_2 1_2 fusion-flex-column uncommon_fontsize\" style=\"--awb-padding-left:30px;--awb-padding-left-small:0px;--awb-bg-image-small:url(&#039;https:\/\/ottawavalleymetalinc.com\/wp-content\/uploads\/2025\/03\/New-Project-14.webp&#039;);--awb-bg-size:cover;--awb-width-large:50%;--awb-margin-top-large:0px;--awb-spacing-right-large:3.84%;--awb-margin-bottom-large:20px;--awb-spacing-left-large:3.84%;--awb-width-medium:50%;--awb-order-medium:0;--awb-spacing-right-medium:3.84%;--awb-spacing-left-medium:3.84%;--awb-width-small:100%;--awb-order-small:0;--awb-spacing-right-small:1.92%;--awb-spacing-left-small:1.92%;\" data-scroll-devices=\"small-visibility,medium-visibility,large-visibility\"><div class=\"fusion-column-wrapper fusion-column-has-shadow fusion-flex-justify-content-center fusion-content-layout-column fusion-column-has-bg-image-small\"><div class=\"fusion-text fusion-text-2\" style=\"--awb-font-size:60px;--awb-line-height:70px;--awb-text-transform:uppercase;--awb-text-color:#ffffff;--awb-margin-top:100px;\"><p><span style=\"font-size: 64px;\">OBTENEZ<\/span> <span style=\"font-size: 90px;\">DES PRODUITS<\/span> <span style=\"font-size: 64px; font-weight: bold;\">D\u2019ACIER<\/span> <span style=\"font-size: 45px;\">R\u00c9SIDENTIELS ET<\/span> <span style=\"font-size: 78px;\">COMMERCIAUX<\/span> <span style=\"font-size: 64px;\">DE QUALIT\u00c9<\/span> <span style=\"line-height: 90px; font-size: 98px;\">\u00c0 OTTAWA<\/span><\/p>\n<\/div><\/div><\/div><\/div><\/div><div class=\"fusion-fullwidth fullwidth-box fusion-builder-row-3 fusion-flex-container has-pattern-background has-mask-background nonhundred-percent-fullwidth non-hundred-percent-height-scrolling\" style=\"--awb-border-radius-top-left:0px;--awb-border-radius-top-right:0px;--awb-border-radius-bottom-right:0px;--awb-border-radius-bottom-left:0px;--awb-padding-top:50px;--awb-padding-bottom:50px;--awb-background-color:#ffffff;--awb-flex-wrap:wrap;\" id=\"available_products\" ><div class=\"fusion-builder-row fusion-row fusion-flex-align-items-flex-start fusion-flex-justify-content-center fusion-flex-content-wrap\" style=\"max-width:calc( 1200px + 15px );margin-left: calc(-15px \/ 2 );margin-right: calc(-15px \/ 2 );\"><div class=\"fusion-layout-column fusion_builder_column fusion-builder-column-4 fusion_builder_column_1_1 1_1 fusion-flex-column\" style=\"--awb-bg-size:cover;--awb-width-large:100%;--awb-margin-top-large:0px;--awb-spacing-right-large:7.5px;--awb-margin-bottom-large:20px;--awb-spacing-left-large:7.5px;--awb-width-medium:100%;--awb-order-medium:0;--awb-spacing-right-medium:7.5px;--awb-spacing-left-medium:7.5px;--awb-width-small:100%;--awb-order-small:0;--awb-spacing-right-small:7.5px;--awb-spacing-left-small:7.5px;\"><div class=\"fusion-column-wrapper fusion-column-has-shadow fusion-flex-justify-content-flex-start fusion-content-layout-column\"><div class=\"fusion-title title fusion-title-2 fusion-sep-none fusion-title-center fusion-title-text fusion-title-size-two\" style=\"--awb-margin-bottom:30px;--awb-font-size:60px;\"><h2 class=\"fusion-title-heading title-heading-center\" style=\"margin:0;font-size:1em;\">Produits<\/h2><\/div><\/div><\/div><div class=\"fusion-layout-column fusion_builder_column fusion-builder-column-5 fusion_builder_column_1_3 1_3 fusion-flex-column project_hover\" style=\"--awb-bg-size:cover;--awb-width-large:33.333333333333%;--awb-margin-top-large:0px;--awb-spacing-right-large:7.5px;--awb-margin-bottom-large:20px;--awb-spacing-left-large:7.5px;--awb-width-medium:33.333333333333%;--awb-order-medium:0;--awb-spacing-right-medium:7.5px;--awb-spacing-left-medium:7.5px;--awb-width-small:100%;--awb-order-small:0;--awb-spacing-right-small:7.5px;--awb-spacing-left-small:7.5px;\" data-scroll-devices=\"small-visibility,medium-visibility,large-visibility\"><div class=\"fusion-column-wrapper fusion-column-has-shadow fusion-flex-justify-content-flex-start fusion-content-layout-column\"><div class=\"fusion-image-element \" style=\"--awb-caption-title-font-family:var(--h2_typography-font-family);--awb-caption-title-font-weight:var(--h2_typography-font-weight);--awb-caption-title-font-style:var(--h2_typography-font-style);--awb-caption-title-size:var(--h2_typography-font-size);--awb-caption-title-transform:var(--h2_typography-text-transform);--awb-caption-title-line-height:var(--h2_typography-line-height);--awb-caption-title-letter-spacing:var(--h2_typography-letter-spacing);\"><span class=\" fusion-imageframe imageframe-none imageframe-2 hover-type-none\"><img decoding=\"async\" width=\"400\" height=\"400\" alt=\"M\u00e9talunic\" title=\"New Project (19)\" src=\"https:\/\/ottawavalleymetalinc.com\/wp-content\/uploads\/2025\/04\/New-Project-19-3.webp\" class=\"img-responsive wp-image-785\" srcset=\"https:\/\/ottawavalleymetalinc.com\/wp-content\/uploads\/2025\/04\/New-Project-19-3-66x66.webp 66w, https:\/\/ottawavalleymetalinc.com\/wp-content\/uploads\/2025\/04\/New-Project-19-3-150x150.webp 150w, https:\/\/ottawavalleymetalinc.com\/wp-content\/uploads\/2025\/04\/New-Project-19-3-200x200.webp 200w, https:\/\/ottawavalleymetalinc.com\/wp-content\/uploads\/2025\/04\/New-Project-19-3-300x300.webp 300w, https:\/\/ottawavalleymetalinc.com\/wp-content\/uploads\/2025\/04\/New-Project-19-3.webp 400w\" sizes=\"(max-width: 640px) 100vw, 400px\" \/><\/span><\/div><div class=\"hover_section\">\n<h4>The distinction<\/h4>\n<p>Parement de murs ext\u00e9rieurs<\/p>\n<p>Ce rev\u00eatement mural en acier se distingue par son \u00e9l\u00e9gance, sa robustesse ainsi que sa durabilit\u00e9.<\/p>\n<p>D\u00e9velopp\u00e9 avec le plus grand soin et le souci du d\u00e9tail, il reproduit parfaitement l\u2019aspect chaleureux du bois. Avec une grande vari\u00e9t\u00e9 de couleurs, vous pouvez marier tons et textures. Exprimez-vous, choisissez un aspect moderne ou classique avec ce rev\u00eatement architectural en acier haute performance.<\/p>\n<p class=\"link\"><a href=\"https:\/\/metalunicdesign.com\/en\/\" target=\"_blank\">Site Web<\/a><\/p>\n<\/div><div class=\"fusion-title title fusion-title-3 fusion-sep-none fusion-title-text fusion-title-size-five prd-title\"><h5 class=\"fusion-title-heading title-heading-left\" style=\"margin:0;\">The distinction<\/h5><\/div><\/div><\/div><div class=\"fusion-layout-column fusion_builder_column fusion-builder-column-6 fusion_builder_column_1_3 1_3 fusion-flex-column project_hover\" style=\"--awb-bg-size:cover;--awb-width-large:33.333333333333%;--awb-margin-top-large:0px;--awb-spacing-right-large:7.5px;--awb-margin-bottom-large:20px;--awb-spacing-left-large:7.5px;--awb-width-medium:33.333333333333%;--awb-order-medium:0;--awb-spacing-right-medium:7.5px;--awb-spacing-left-medium:7.5px;--awb-width-small:100%;--awb-order-small:0;--awb-spacing-right-small:7.5px;--awb-spacing-left-small:7.5px;\" data-scroll-devices=\"small-visibility,medium-visibility,large-visibility\"><div class=\"fusion-column-wrapper fusion-column-has-shadow fusion-flex-justify-content-flex-start fusion-content-layout-column\"><div class=\"fusion-image-element \" style=\"--awb-caption-title-font-family:var(--h2_typography-font-family);--awb-caption-title-font-weight:var(--h2_typography-font-weight);--awb-caption-title-font-style:var(--h2_typography-font-style);--awb-caption-title-size:var(--h2_typography-font-size);--awb-caption-title-transform:var(--h2_typography-text-transform);--awb-caption-title-line-height:var(--h2_typography-line-height);--awb-caption-title-letter-spacing:var(--h2_typography-letter-spacing);\"><span class=\" fusion-imageframe imageframe-none imageframe-3 hover-type-none\"><img decoding=\"async\" width=\"400\" height=\"400\" alt=\"M\u00e9talunic\" title=\"New Project (20)\" src=\"https:\/\/ottawavalleymetalinc.com\/wp-content\/uploads\/2025\/04\/New-Project-20-3.webp\" class=\"img-responsive wp-image-787\" srcset=\"https:\/\/ottawavalleymetalinc.com\/wp-content\/uploads\/2025\/04\/New-Project-20-3-66x66.webp 66w, https:\/\/ottawavalleymetalinc.com\/wp-content\/uploads\/2025\/04\/New-Project-20-3-150x150.webp 150w, https:\/\/ottawavalleymetalinc.com\/wp-content\/uploads\/2025\/04\/New-Project-20-3-200x200.webp 200w, https:\/\/ottawavalleymetalinc.com\/wp-content\/uploads\/2025\/04\/New-Project-20-3-300x300.webp 300w, https:\/\/ottawavalleymetalinc.com\/wp-content\/uploads\/2025\/04\/New-Project-20-3.webp 400w\" sizes=\"(max-width: 640px) 100vw, 400px\" \/><\/span><\/div><div class=\"hover_section\">\n<h4>Moderno<\/h4>\n<p>Parement de murs ext\u00e9rieurs<\/p>\n<p><b>Imaginez, toute la beaut\u00e9 du bois sans entretien\u2009!<\/b><\/p>\n<p><b>Avec ses lign\u00e9es \u00e9pur\u00e9es, le MODERNO a une apparence chic, tendance et intemporelle.<\/b> Ce profil\u00e9 des plus authentiques vous permet de d\u00e9couvrir tout un monde de cr\u00e9ation. Il suffit d\u2019agencer diff\u00e9rentes couleurs et textures pour arriver au parfait \u00e9quilibre. MODERNO vous offre le meilleur des deux mondes, l\u2019aspect naturel du bois et la tranquillit\u00e9 d\u2019esprit. Simple et distinctif\u2009!<\/p>\n<p class=\"link\"><a href=\"https:\/\/metalunicdesign.com\/en\/\" target=\"_blank\">Site Web<\/a><\/p>\n<\/div><div class=\"fusion-title title fusion-title-4 fusion-sep-none fusion-title-text fusion-title-size-five prd-title\"><h5 class=\"fusion-title-heading title-heading-left\" style=\"margin:0;\">Moderno<\/h5><\/div><\/div><\/div><div class=\"fusion-layout-column fusion_builder_column fusion-builder-column-7 fusion_builder_column_1_1 1_1 fusion-flex-column\" style=\"--awb-bg-size:cover;--awb-width-large:100%;--awb-margin-top-large:30px;--awb-spacing-right-large:7.5px;--awb-margin-bottom-large:20px;--awb-spacing-left-large:7.5px;--awb-width-medium:100%;--awb-order-medium:0;--awb-spacing-right-medium:7.5px;--awb-spacing-left-medium:7.5px;--awb-width-small:100%;--awb-order-small:0;--awb-spacing-right-small:7.5px;--awb-spacing-left-small:7.5px;\" data-scroll-devices=\"small-visibility,medium-visibility,large-visibility\"><div class=\"fusion-column-wrapper fusion-column-has-shadow fusion-flex-justify-content-flex-start fusion-content-layout-column\"><div style=\"text-align:center;\"><a class=\"fusion-button button-flat fusion-button-default-size button-default fusion-button-default button-3 fusion-button-default-span fusion-button-default-type\" target=\"_self\" href=\"https:\/\/ottawavalleymetalinc.com\/fr\/demander-un-devis\/\"><span class=\"fusion-button-text\">DEMANDER UNE SOUMISSION<\/span><\/a><\/div><\/div><\/div><\/div><\/div><\/p>\n","protected":false},"excerpt":{"rendered":"","protected":false},"author":1,"featured_media":0,"parent":333,"menu_order":0,"comment_status":"closed","ping_status":"closed","template":"100-width.php","meta":{"footnotes":""},"class_list":["post-338","page","type-page","status-publish","hentry"],"yoast_head":"<!-- This site is optimized with the Yoast SEO plugin v26.0 - https:\/\/yoast.com\/wordpress\/plugins\/seo\/ -->\n<title>M\u00e9talunic | Fournisseurs | Ottawa Valley Metal<\/title>\n<meta name=\"description\" content=\"Distinction est fait d\u2019acier, un mat\u00e9riau \u00e0 haute r\u00e9sistance. Sa solidit\u00e9 et sa durabilit\u00e9 prot\u00e9geront votre propri\u00e9t\u00e9, \u00e0 temps plein.\" \/>\n<meta name=\"robots\" content=\"index, follow, max-snippet:-1, max-image-preview:large, max-video-preview:-1\" \/>\n<link rel=\"canonical\" href=\"https:\/\/ottawavalleymetalinc.com\/fr\/fournisseurs\/metalunic\/\" \/>\n<script type=\"application\/ld+json\" class=\"yoast-schema-graph\">{\"@context\":\"https:\/\/schema.org\",\"@graph\":[{\"@type\":\"WebPage\",\"@id\":\"https:\/\/ottawavalleymetalinc.com\/fr\/fournisseurs\/metalunic\/\",\"url\":\"https:\/\/ottawavalleymetalinc.com\/fr\/fournisseurs\/metalunic\/\",\"name\":\"M\u00e9talunic | Fournisseurs | Ottawa Valley Metal\",\"isPartOf\":{\"@id\":\"https:\/\/ottawavalleymetalinc.com\/fr\/#website\"},\"datePublished\":\"2025-04-08T10:21:13+00:00\",\"dateModified\":\"2025-08-29T07:04:13+00:00\",\"description\":\"Distinction est fait d\u2019acier, un mat\u00e9riau \u00e0 haute r\u00e9sistance. Sa solidit\u00e9 et sa durabilit\u00e9 prot\u00e9geront votre propri\u00e9t\u00e9, \u00e0 temps plein.\",\"breadcrumb\":{\"@id\":\"https:\/\/ottawavalleymetalinc.com\/fr\/fournisseurs\/metalunic\/#breadcrumb\"},\"inLanguage\":\"fr-FR\",\"potentialAction\":[{\"@type\":\"ReadAction\",\"target\":[\"https:\/\/ottawavalleymetalinc.com\/fr\/fournisseurs\/metalunic\/\"]}]},{\"@type\":\"BreadcrumbList\",\"@id\":\"https:\/\/ottawavalleymetalinc.com\/fr\/fournisseurs\/metalunic\/#breadcrumb\",\"itemListElement\":[{\"@type\":\"ListItem\",\"position\":1,\"name\":\"Home\",\"item\":\"https:\/\/ottawavalleymetalinc.com\/fr\/\"},{\"@type\":\"ListItem\",\"position\":2,\"name\":\"Fournisseurs\",\"item\":\"https:\/\/ottawavalleymetalinc.com\/fr\/fournisseurs\/\"},{\"@type\":\"ListItem\",\"position\":3,\"name\":\"M\u00e9talunic\"}]},{\"@type\":\"WebSite\",\"@id\":\"https:\/\/ottawavalleymetalinc.com\/fr\/#website\",\"url\":\"https:\/\/ottawavalleymetalinc.com\/fr\/\",\"name\":\"Ottawa Valley Metal\",\"description\":\"\",\"potentialAction\":[{\"@type\":\"SearchAction\",\"target\":{\"@type\":\"EntryPoint\",\"urlTemplate\":\"https:\/\/ottawavalleymetalinc.com\/fr\/?s={search_term_string}\"},\"query-input\":{\"@type\":\"PropertyValueSpecification\",\"valueRequired\":true,\"valueName\":\"search_term_string\"}}],\"inLanguage\":\"fr-FR\"}]}<\/script>\n<!-- \/ Yoast SEO plugin. -->","yoast_head_json":{"title":"M\u00e9talunic | Fournisseurs | Ottawa Valley Metal","description":"Distinction est fait d\u2019acier, un mat\u00e9riau \u00e0 haute r\u00e9sistance. Sa solidit\u00e9 et sa durabilit\u00e9 prot\u00e9geront votre propri\u00e9t\u00e9, \u00e0 temps plein.","robots":{"index":"index","follow":"follow","max-snippet":"max-snippet:-1","max-image-preview":"max-image-preview:large","max-video-preview":"max-video-preview:-1"},"canonical":"https:\/\/ottawavalleymetalinc.com\/fr\/fournisseurs\/metalunic\/","schema":{"@context":"https:\/\/schema.org","@graph":[{"@type":"WebPage","@id":"https:\/\/ottawavalleymetalinc.com\/fr\/fournisseurs\/metalunic\/","url":"https:\/\/ottawavalleymetalinc.com\/fr\/fournisseurs\/metalunic\/","name":"M\u00e9talunic | Fournisseurs | Ottawa Valley Metal","isPartOf":{"@id":"https:\/\/ottawavalleymetalinc.com\/fr\/#website"},"datePublished":"2025-04-08T10:21:13+00:00","dateModified":"2025-08-29T07:04:13+00:00","description":"Distinction est fait d\u2019acier, un mat\u00e9riau \u00e0 haute r\u00e9sistance. Sa solidit\u00e9 et sa durabilit\u00e9 prot\u00e9geront votre propri\u00e9t\u00e9, \u00e0 temps plein.","breadcrumb":{"@id":"https:\/\/ottawavalleymetalinc.com\/fr\/fournisseurs\/metalunic\/#breadcrumb"},"inLanguage":"fr-FR","potentialAction":[{"@type":"ReadAction","target":["https:\/\/ottawavalleymetalinc.com\/fr\/fournisseurs\/metalunic\/"]}]},{"@type":"BreadcrumbList","@id":"https:\/\/ottawavalleymetalinc.com\/fr\/fournisseurs\/metalunic\/#breadcrumb","itemListElement":[{"@type":"ListItem","position":1,"name":"Home","item":"https:\/\/ottawavalleymetalinc.com\/fr\/"},{"@type":"ListItem","position":2,"name":"Fournisseurs","item":"https:\/\/ottawavalleymetalinc.com\/fr\/fournisseurs\/"},{"@type":"ListItem","position":3,"name":"M\u00e9talunic"}]},{"@type":"WebSite","@id":"https:\/\/ottawavalleymetalinc.com\/fr\/#website","url":"https:\/\/ottawavalleymetalinc.com\/fr\/","name":"Ottawa Valley Metal","description":"","potentialAction":[{"@type":"SearchAction","target":{"@type":"EntryPoint","urlTemplate":"https:\/\/ottawavalleymetalinc.com\/fr\/?s={search_term_string}"},"query-input":{"@type":"PropertyValueSpecification","valueRequired":true,"valueName":"search_term_string"}}],"inLanguage":"fr-FR"}]}},"_links":{"self":[{"href":"https:\/\/ottawavalleymetalinc.com\/fr\/wp-json\/wp\/v2\/pages\/338","targetHints":{"allow":["GET"]}}],"collection":[{"href":"https:\/\/ottawavalleymetalinc.com\/fr\/wp-json\/wp\/v2\/pages"}],"about":[{"href":"https:\/\/ottawavalleymetalinc.com\/fr\/wp-json\/wp\/v2\/types\/page"}],"author":[{"embeddable":true,"href":"https:\/\/ottawavalleymetalinc.com\/fr\/wp-json\/wp\/v2\/users\/1"}],"replies":[{"embeddable":true,"href":"https:\/\/ottawavalleymetalinc.com\/fr\/wp-json\/wp\/v2\/comments?post=338"}],"version-history":[{"count":2,"href":"https:\/\/ottawavalleymetalinc.com\/fr\/wp-json\/wp\/v2\/pages\/338\/revisions"}],"predecessor-version":[{"id":2494,"href":"https:\/\/ottawavalleymetalinc.com\/fr\/wp-json\/wp\/v2\/pages\/338\/revisions\/2494"}],"up":[{"embeddable":true,"href":"https:\/\/ottawavalleymetalinc.com\/fr\/wp-json\/wp\/v2\/pages\/333"}],"wp:attachment":[{"href":"https:\/\/ottawavalleymetalinc.com\/fr\/wp-json\/wp\/v2\/media?parent=338"}],"curies":[{"name":"wp","href":"https:\/\/api.w.org\/{rel}","templated":true}]}}